{"id":10067,"date":"2024-06-13T15:20:30","date_gmt":"2024-06-13T15:20:30","guid":{"rendered":"https:\/\/laruellefilms.com\/archives\/?page_id=10067"},"modified":"2025-01-22T14:56:42","modified_gmt":"2025-01-22T14:56:42","slug":"uncomfortable-truths-fr","status":"publish","type":"page","link":"https:\/\/laruellefilms.com\/archives\/production\/uncomfortable-truths-fr\/","title":{"rendered":"Uncomfortable Truths (titre de travail)"},"content":{"rendered":"\t\t<div data-elementor-type=\"wp-page\" data-elementor-id=\"10067\" class=\"elementor elementor-10067\" data-elementor-post-type=\"page\">\n\t\t\t\t\t\t<section class=\"elementor-section elementor-top-section elementor-element elementor-element-1762e20 elementor-section-full_width elementor-section-content-top elementor-section-stretched elementor-section-height-default elementor-section-height-default\" data-id=\"1762e20\" data-element_type=\"section\" data-e-type=\"section\" data-settings=\"{&quot;stretch_section&quot;:&quot;section-stretched&quot;}\">\n\t\t\t\t\t\t<div class=\"elementor-container elementor-column-gap-no\">\n\t\t\t\t\t<div class=\"elementor-column elementor-col-100 elementor-top-column elementor-element elementor-element-190b3df\" data-id=\"190b3df\" data-element_type=\"column\" data-e-type=\"column\">\n\t\t\t<div class=\"elementor-widget-wrap elementor-element-populated\">\n\t\t\t\t\t\t<div class=\"elementor-element elementor-element-1c68d47 elementor-widget elementor-widget-spacer\" data-id=\"1c68d47\" data-element_type=\"widget\" data-e-type=\"widget\" data-widget_type=\"spacer.default\">\n\t\t\t\t<div class=\"elementor-widget-container\">\n\t\t\t\t\t\t\t<div class=\"elementor-spacer\">\n\t\t\t<div class=\"elementor-spacer-inner\"><\/div>\n\t\t<\/div>\n\t\t\t\t\t\t<\/div>\n\t\t\t\t<\/div>\n\t\t\t\t<div class=\"elementor-element elementor-element-ebff12f elementor-widget elementor-widget-spacer\" data-id=\"ebff12f\" data-element_type=\"widget\" data-e-type=\"widget\" data-widget_type=\"spacer.default\">\n\t\t\t\t<div class=\"elementor-widget-container\">\n\t\t\t\t\t\t\t<div class=\"elementor-spacer\">\n\t\t\t<div class=\"elementor-spacer-inner\"><\/div>\n\t\t<\/div>\n\t\t\t\t\t\t<\/div>\n\t\t\t\t<\/div>\n\t\t\t\t\t<\/div>\n\t\t<\/div>\n\t\t\t\t\t<\/div>\n\t\t<\/section>\n\t\t\t\t<section class=\"elementor-section elementor-top-section elementor-element elementor-element-b82a8ee elementor-section-boxed elementor-section-height-default elementor-section-height-default\" data-id=\"b82a8ee\" data-element_type=\"section\" data-e-type=\"section\">\n\t\t\t\t\t\t<div class=\"elementor-container elementor-column-gap-default\">\n\t\t\t\t\t<div class=\"elementor-column elementor-col-100 elementor-top-column elementor-element elementor-element-7607f6b synopsis\" data-id=\"7607f6b\" data-element_type=\"column\" data-e-type=\"column\" id=\"synopsis\">\n\t\t\t<div class=\"elementor-widget-wrap elementor-element-populated\">\n\t\t\t\t\t\t<div class=\"elementor-element elementor-element-9542fd3 elementor-widget elementor-widget-heading\" data-id=\"9542fd3\" data-element_type=\"widget\" data-e-type=\"widget\" data-widget_type=\"heading.default\">\n\t\t\t\t<div class=\"elementor-widget-container\">\n\t\t\t\t\t<h1 class=\"elementor-heading-title elementor-size-default\">UNCOMFORTABLE TRUTHS<\/h1>\t\t\t\t<\/div>\n\t\t\t\t<\/div>\n\t\t\t\t<div class=\"elementor-element elementor-element-4fce33a elementor-widget__width-initial elementor-widget elementor-widget-heading\" data-id=\"4fce33a\" data-element_type=\"widget\" data-e-type=\"widget\" data-widget_type=\"heading.default\">\n\t\t\t\t<div class=\"elementor-widget-container\">\n\t\t\t\t\t<h4 class=\"elementor-heading-title elementor-size-default\">(TITRE DE TRAVAIL)<br><br><\/h4>\t\t\t\t<\/div>\n\t\t\t\t<\/div>\n\t\t\t\t<div class=\"elementor-element elementor-element-a15d3fd elementor-widget elementor-widget-text-editor\" data-id=\"a15d3fd\" data-element_type=\"widget\" data-e-type=\"widget\" data-widget_type=\"text-editor.default\">\n\t\t\t\t<div class=\"elementor-widget-container\">\n\t\t\t\t\t\t\t\t\tDans un petit village nich\u00e9 dans des montagnes enneig\u00e9es, les habitants sont boulevers\u00e9s par l&rsquo;apparition myst\u00e9rieuse de triangles noirs dans le ciel. La plupart des t\u00e9moins croient qu&rsquo;ils sont d&rsquo;origine non humaine. Alors que l&rsquo;on cherche des r\u00e9ponses, une v\u00e9ritable r\u00e9volution scientifique commence.\n\n<em>\u00c0 venir.<\/em>\t\t\t\t\t\t\t\t<\/div>\n\t\t\t\t<\/div>\n\t\t\t\t\t<\/div>\n\t\t<\/div>\n\t\t\t\t\t<\/div>\n\t\t<\/section>\n\t\t\t\t<section class=\"elementor-section elementor-top-section elementor-element elementor-element-de2d491 elementor-section-full_width elementor-section-content-top elementor-section-stretched elementor-section-height-default elementor-section-height-default\" data-id=\"de2d491\" data-element_type=\"section\" data-e-type=\"section\" data-settings=\"{&quot;stretch_section&quot;:&quot;section-stretched&quot;}\">\n\t\t\t\t\t\t<div class=\"elementor-container elementor-column-gap-no\">\n\t\t\t\t\t<div class=\"elementor-column elementor-col-100 elementor-top-column elementor-element elementor-element-f032cd0\" data-id=\"f032cd0\" data-element_type=\"column\" data-e-type=\"column\">\n\t\t\t<div class=\"elementor-widget-wrap elementor-element-populated\">\n\t\t\t\t\t\t<div class=\"elementor-element elementor-element-a6aacc4 elementor-widget elementor-widget-spacer\" data-id=\"a6aacc4\" data-element_type=\"widget\" data-e-type=\"widget\" data-widget_type=\"spacer.default\">\n\t\t\t\t<div class=\"elementor-widget-container\">\n\t\t\t\t\t\t\t<div class=\"elementor-spacer\">\n\t\t\t<div class=\"elementor-spacer-inner\"><\/div>\n\t\t<\/div>\n\t\t\t\t\t\t<\/div>\n\t\t\t\t<\/div>\n\t\t\t\t\t<\/div>\n\t\t<\/div>\n\t\t\t\t\t<\/div>\n\t\t<\/section>\n\t\t\t\t<section class=\"elementor-section elementor-top-section elementor-element elementor-element-7bfdf67 elementor-section-full_width elementor-section-height-default elementor-section-height-default\" data-id=\"7bfdf67\" data-element_type=\"section\" data-e-type=\"section\" data-settings=\"{&quot;background_background&quot;:&quot;classic&quot;}\">\n\t\t\t\t\t\t<div class=\"elementor-container elementor-column-gap-default\">\n\t\t\t\t\t<div class=\"elementor-column elementor-col-100 elementor-top-column elementor-element elementor-element-72a0e5a\" data-id=\"72a0e5a\" data-element_type=\"column\" data-e-type=\"column\">\n\t\t\t<div class=\"elementor-widget-wrap elementor-element-populated\">\n\t\t\t\t\t\t<div class=\"elementor-element elementor-element-1a74798 elementor-cta--skin-cover elementor-animated-content elementor-bg-transform elementor-bg-transform-zoom-in elementor-widget elementor-widget-call-to-action\" data-id=\"1a74798\" data-element_type=\"widget\" data-e-type=\"widget\" data-widget_type=\"call-to-action.default\">\n\t\t\t\t<div class=\"elementor-widget-container\">\n\t\t\t\t\t\t\t<div class=\"elementor-cta\">\n\t\t\t\t\t<div class=\"elementor-cta__bg-wrapper\">\n\t\t\t\t<div class=\"elementor-cta__bg elementor-bg\" style=\"background-image: url(https:\/\/laruellefilms.com\/archives\/wp-content\/uploads\/Bombes_a_retardement_WEB.jpg);\" role=\"img\" aria-label=\"Bombe \u00e0 retardement - La Ruelle Films\"><\/div>\n\t\t\t\t<div class=\"elementor-cta__bg-overlay\"><\/div>\n\t\t\t<\/div>\n\t\t\t\t\t\t\t<div class=\"elementor-cta__content\">\n\t\t\t\t\n\t\t\t\t\t\t\t\t\t<h2 class=\"elementor-cta__title elementor-cta__content-item elementor-content-item elementor-animated-item--grow\">\n\t\t\t\t\t\tVisionnez nos films\t\t\t\t\t<\/h2>\n\t\t\t\t\n\t\t\t\t\t\t\t\t\t<div class=\"elementor-cta__description elementor-cta__content-item elementor-content-item elementor-animated-item--grow\">\n\t\t\t\t\t\tDisponibles en ligne ou sur DVD\t\t\t\t\t<\/div>\n\t\t\t\t\n\t\t\t\t\t\t\t\t\t<div class=\"elementor-cta__button-wrapper elementor-cta__content-item elementor-content-item elementor-animated-item--grow\">\n\t\t\t\t\t<a class=\"elementor-cta__button elementor-button elementor-size-\" href=\"https:\/\/laruellefilms.com\/archives\/boutique\/\">\n\t\t\t\t\t\tVOIR LA LISTE\t\t\t\t\t<\/a>\n\t\t\t\t\t<\/div>\n\t\t\t\t\t\t\t<\/div>\n\t\t\t\t\t\t<\/div>\n\t\t\t\t\t\t<\/div>\n\t\t\t\t<\/div>\n\t\t\t\t\t<\/div>\n\t\t<\/div>\n\t\t\t\t\t<\/div>\n\t\t<\/section>\n\t\t\t\t<section class=\"elementor-section elementor-top-section elementor-element elementor-element-3f8b717 elementor-section-full_width elementor-section-height-default elementor-section-height-default\" data-id=\"3f8b717\" data-element_type=\"section\" data-e-type=\"section\" data-settings=\"{&quot;background_background&quot;:&quot;classic&quot;}\">\n\t\t\t\t\t\t<div class=\"elementor-container elementor-column-gap-default\">\n\t\t\t\t\t<div class=\"elementor-column elementor-col-100 elementor-top-column elementor-element elementor-element-e8b4a09\" data-id=\"e8b4a09\" data-element_type=\"column\" data-e-type=\"column\">\n\t\t\t<div class=\"elementor-widget-wrap elementor-element-populated\">\n\t\t\t\t\t\t<div class=\"elementor-element elementor-element-6a1fa45 elementor-widget elementor-widget-shortcode\" data-id=\"6a1fa45\" data-element_type=\"widget\" data-e-type=\"widget\" data-widget_type=\"shortcode.default\">\n\t\t\t\t<div class=\"elementor-widget-container\">\n\t\t\t\t\t\t\t<div class=\"elementor-shortcode\">\t\t<div data-elementor-type=\"section\" data-elementor-id=\"7402\" class=\"elementor elementor-7402\" data-elementor-post-type=\"elementor_library\">\n\t\t\t\t\t<section class=\"elementor-section elementor-top-section elementor-element elementor-element-c8816e2 elementor-section-boxed elementor-section-height-default elementor-section-height-default\" data-id=\"c8816e2\" data-element_type=\"section\" data-e-type=\"section\" data-settings=\"{&quot;background_background&quot;:&quot;classic&quot;}\">\n\t\t\t\t\t\t<div class=\"elementor-container elementor-column-gap-default\">\n\t\t\t\t\t<div class=\"elementor-column elementor-col-100 elementor-top-column elementor-element elementor-element-a84639d\" data-id=\"a84639d\" data-element_type=\"column\" data-e-type=\"column\">\n\t\t\t<div class=\"elementor-widget-wrap elementor-element-populated\">\n\t\t\t\t\t\t<div class=\"elementor-element elementor-element-bba3cae elementor-widget elementor-widget-shortcode\" data-id=\"bba3cae\" data-element_type=\"widget\" data-e-type=\"widget\" data-widget_type=\"shortcode.default\">\n\t\t\t\t<div class=\"elementor-widget-container\">\n\t\t\t\t\t\t\t<div class=\"elementor-shortcode\">\t\t<div data-elementor-type=\"section\" data-elementor-id=\"3573\" class=\"elementor elementor-3573\" data-elementor-post-type=\"elementor_library\">\n\t\t\t\t\t<section class=\"elementor-section elementor-top-section elementor-element elementor-element-db2dbb1 elementor-section-content-middle elementor-section-boxed elementor-section-height-default elementor-section-height-default\" data-id=\"db2dbb1\" data-element_type=\"section\" data-e-type=\"section\" data-settings=\"{&quot;background_background&quot;:&quot;classic&quot;}\">\n\t\t\t\t\t\t<div class=\"elementor-container elementor-column-gap-no\">\n\t\t\t\t\t<div class=\"elementor-column elementor-col-100 elementor-top-column elementor-element elementor-element-8c4a886\" data-id=\"8c4a886\" data-element_type=\"column\" data-e-type=\"column\">\n\t\t\t<div class=\"elementor-widget-wrap elementor-element-populated\">\n\t\t\t\t\t\t<div class=\"elementor-element elementor-element-f4e41f9 elementor-widget elementor-widget-heading\" data-id=\"f4e41f9\" data-element_type=\"widget\" data-e-type=\"widget\" data-widget_type=\"heading.default\">\n\t\t\t\t<div class=\"elementor-widget-container\">\n\t\t\t\t\t<h5 class=\"elementor-heading-title elementor-size-default\">ABONNEZ-VOUS \u00c0 NOTRE INFOLETTRE<\/h5>\t\t\t\t<\/div>\n\t\t\t\t<\/div>\n\t\t\t\t<div class=\"elementor-element elementor-element-4a2ccf4 elementor-widget elementor-widget-heading\" data-id=\"4a2ccf4\" data-element_type=\"widget\" data-e-type=\"widget\" data-widget_type=\"heading.default\">\n\t\t\t\t<div class=\"elementor-widget-container\">\n\t\t\t\t\t<h6 class=\"elementor-heading-title elementor-size-default\">Soyez toujours inform\u00e9s!<\/h6>\t\t\t\t<\/div>\n\t\t\t\t<\/div>\n\t\t\t\t<div class=\"elementor-element elementor-element-f5d86e3 elementor-button-align-stretch elementor-widget elementor-widget-form\" data-id=\"f5d86e3\" data-element_type=\"widget\" data-e-type=\"widget\" data-settings=\"{&quot;step_next_label&quot;:&quot;Next&quot;,&quot;step_previous_label&quot;:&quot;Previous&quot;,&quot;button_width&quot;:&quot;100&quot;,&quot;step_type&quot;:&quot;number_text&quot;,&quot;step_icon_shape&quot;:&quot;circle&quot;}\" data-widget_type=\"form.default\">\n\t\t\t\t<div class=\"elementor-widget-container\">\n\t\t\t\t\t\t\t<form class=\"elementor-form\" method=\"post\" id=\"section-infolettre-EN\" name=\"SectionInfolettreFR\" aria-label=\"SectionInfolettreFR\">\n\t\t\t<input type=\"hidden\" name=\"post_id\" value=\"3573\"\/>\n\t\t\t<input type=\"hidden\" name=\"form_id\" value=\"f5d86e3\"\/>\n\t\t\t<input type=\"hidden\" name=\"referer_title\" value=\"Films d\u2019archives | Le Qu\u00e9bec des ann\u00e9es 1920 \u00e0 1980\" \/>\n\n\t\t\t\t\t\t\t<input type=\"hidden\" name=\"queried_id\" value=\"805\"\/>\n\t\t\t\n\t\t\t<div class=\"elementor-form-fields-wrapper elementor-labels-\">\n\t\t\t\t\t\t\t\t<div class=\"elementor-field-type-email elementor-field-group elementor-column elementor-field-group-email elementor-col-100 elementor-field-required\">\n\t\t\t\t\t\t\t\t\t\t\t\t<label for=\"form-field-email\" class=\"elementor-field-label elementor-screen-only\">\n\t\t\t\t\t\t\t\tCourriel\t\t\t\t\t\t\t<\/label>\n\t\t\t\t\t\t\t\t\t\t\t\t\t\t<input size=\"1\" type=\"email\" name=\"form_fields[email]\" id=\"form-field-email\" class=\"elementor-field elementor-size-md  elementor-field-textual\" placeholder=\"Courriel\" required=\"required\">\n\t\t\t\t\t\t\t\t\t\t\t<\/div>\n\t\t\t\t\t\t\t\t<div class=\"elementor-field-type-text elementor-field-group elementor-column elementor-field-group-field_8045379 elementor-col-100 elementor-field-required\">\n\t\t\t\t\t\t\t\t\t\t\t\t<label for=\"form-field-field_8045379\" class=\"elementor-field-label elementor-screen-only\">\n\t\t\t\t\t\t\t\tPr\u00e9nom\t\t\t\t\t\t\t<\/label>\n\t\t\t\t\t\t\t\t\t\t\t\t\t\t<input size=\"1\" type=\"text\" name=\"form_fields[field_8045379]\" id=\"form-field-field_8045379\" class=\"elementor-field elementor-size-md  elementor-field-textual\" placeholder=\"Pr\u00e9nom\" required=\"required\">\n\t\t\t\t\t\t\t\t\t\t\t<\/div>\n\t\t\t\t\t\t\t\t<div class=\"elementor-field-type-text elementor-field-group elementor-column elementor-field-group-field_22f4ab1 elementor-col-100 elementor-field-required\">\n\t\t\t\t\t\t\t\t\t\t\t\t<label for=\"form-field-field_22f4ab1\" class=\"elementor-field-label elementor-screen-only\">\n\t\t\t\t\t\t\t\tNom de famille\t\t\t\t\t\t\t<\/label>\n\t\t\t\t\t\t\t\t\t\t\t\t\t\t<input size=\"1\" type=\"text\" name=\"form_fields[field_22f4ab1]\" id=\"form-field-field_22f4ab1\" class=\"elementor-field elementor-size-md  elementor-field-textual\" placeholder=\"Nom de famille\" required=\"required\">\n\t\t\t\t\t\t\t\t\t\t\t<\/div>\n\t\t\t\t\t\t\t\t<div class=\"elementor-field-group elementor-column elementor-field-type-submit elementor-col-100 e-form__buttons\">\n\t\t\t\t\t<button class=\"elementor-button elementor-size-md\" type=\"submit\">\n\t\t\t\t\t\t<span class=\"elementor-button-content-wrapper\">\n\t\t\t\t\t\t\t\t\t\t\t\t\t\t\t\t\t\t\t\t\t\t<span class=\"elementor-button-text\">Inscription<\/span>\n\t\t\t\t\t\t\t\t\t\t\t\t\t<\/span>\n\t\t\t\t\t<\/button>\n\t\t\t\t<\/div>\n\t\t\t<\/div>\n\t\t<\/form>\n\t\t\t\t\t\t<\/div>\n\t\t\t\t<\/div>\n\t\t\t\t<div class=\"elementor-element elementor-element-50acb2e elementor-widget elementor-widget-spacer\" data-id=\"50acb2e\" data-element_type=\"widget\" data-e-type=\"widget\" data-widget_type=\"spacer.default\">\n\t\t\t\t<div class=\"elementor-widget-container\">\n\t\t\t\t\t\t\t<div class=\"elementor-spacer\">\n\t\t\t<div class=\"elementor-spacer-inner\"><\/div>\n\t\t<\/div>\n\t\t\t\t\t\t<\/div>\n\t\t\t\t<\/div>\n\t\t\t\t<div class=\"elementor-element elementor-element-17681b1 elementor-widget elementor-widget-heading\" data-id=\"17681b1\" data-element_type=\"widget\" data-e-type=\"widget\" data-widget_type=\"heading.default\">\n\t\t\t\t<div class=\"elementor-widget-container\">\n\t\t\t\t\t<h5 class=\"elementor-heading-title elementor-size-default\"><a href=\"https:\/\/laruellefilms.com\/archives\/contact\/\">CONTACTEZ-NOUS<\/a><\/h5>\t\t\t\t<\/div>\n\t\t\t\t<\/div>\n\t\t\t\t<div class=\"elementor-element elementor-element-8c91e34 elementor-widget elementor-widget-heading\" data-id=\"8c91e34\" data-element_type=\"widget\" data-e-type=\"widget\" data-widget_type=\"heading.default\">\n\t\t\t\t<div class=\"elementor-widget-container\">\n\t\t\t\t\t<h6 class=\"elementor-heading-title elementor-size-default\">Vos questions et vos commentaires sont importants pour nous.<\/h6>\t\t\t\t<\/div>\n\t\t\t\t<\/div>\n\t\t\t\t\t<\/div>\n\t\t<\/div>\n\t\t\t\t\t<\/div>\n\t\t<\/section>\n\t\t\t\t<\/div>\n\t\t<\/div>\n\t\t\t\t\t\t<\/div>\n\t\t\t\t<\/div>\n\t\t\t\t\t<\/div>\n\t\t<\/div>\n\t\t\t\t\t<\/div>\n\t\t<\/section>\n\t\t\t\t<\/div>\n\t\t<\/div>\n\t\t\t\t\t\t<\/div>\n\t\t\t\t<\/div>\n\t\t\t\t\t<\/div>\n\t\t<\/div>\n\t\t\t\t\t<\/div>\n\t\t<\/section>\n\t\t\t\t<\/div>\n\t\t","protected":false},"excerpt":{"rendered":"<p>UNCOMFORTABLE TRUTHS (TITRE DE TRAVAIL) Dans un petit village nich\u00e9 dans des montagnes enneig\u00e9es, les habitants sont boulevers\u00e9s par l&rsquo;apparition myst\u00e9rieuse de triangles noirs dans le ciel. La plupart des t\u00e9moins croient qu&rsquo;ils sont d&rsquo;origine non humaine. Alors que l&rsquo;on cherche des r\u00e9ponses, une v\u00e9ritable r\u00e9volution scientifique commence. \u00c0 venir. Visionnez nos films Disponibles en [&hellip;]<\/p>\n","protected":false},"author":1,"featured_media":0,"parent":1394,"menu_order":0,"comment_status":"closed","ping_status":"closed","template":"elementor_header_footer","meta":{"footnotes":""},"class_list":["post-10067","page","type-page","status-publish","hentry"],"yoast_head":"<!-- This site is optimized with the Yoast SEO plugin v27.2 - https:\/\/yoast.com\/product\/yoast-seo-wordpress\/ -->\n<title>Uncomfortable Truths (titre de travail) | La Ruelle<\/title>\n<meta name=\"description\" content=\"Des habitants sont boulevers\u00e9s par l&#039;apparition de triangles noirs dans le ciel. Alors que l&#039;on cherche des r\u00e9ponses, une r\u00e9volution scientifique commence.\" \/>\n<meta name=\"robots\" content=\"index, follow, max-snippet:-1, max-image-preview:large, max-video-preview:-1\" \/>\n<link rel=\"canonical\" href=\"https:\/\/laruellefilms.com\/archives\/production\/uncomfortable-truths-fr\/\" \/>\n<meta property=\"og:locale\" content=\"fr_FR\" \/>\n<meta property=\"og:type\" content=\"article\" \/>\n<meta property=\"og:title\" content=\"Uncomfortable Truths (titre de travail) | La Ruelle\" \/>\n<meta property=\"og:description\" content=\"Des habitants sont boulevers\u00e9s par l&#039;apparition de triangles noirs dans le ciel. Alors que l&#039;on cherche des r\u00e9ponses, une r\u00e9volution scientifique commence.\" \/>\n<meta property=\"og:url\" content=\"https:\/\/laruellefilms.com\/archives\/production\/uncomfortable-truths-fr\/\" \/>\n<meta property=\"og:site_name\" content=\"La Ruelle\" \/>\n<meta property=\"article:publisher\" content=\"https:\/\/www.facebook.com\/laruellefilms\" \/>\n<meta property=\"article:modified_time\" content=\"2025-01-22T14:56:42+00:00\" \/>\n<meta name=\"twitter:card\" content=\"summary_large_image\" \/>\n<meta name=\"twitter:label1\" content=\"Dur\u00e9e de lecture estim\u00e9e\" \/>\n\t<meta name=\"twitter:data1\" content=\"1 minute\" \/>\n<script type=\"application\/ld+json\" class=\"yoast-schema-graph\">{\"@context\":\"https:\/\/schema.org\",\"@graph\":[{\"@type\":\"WebPage\",\"@id\":\"https:\/\/laruellefilms.com\/archives\/production\/uncomfortable-truths-fr\/\",\"url\":\"https:\/\/laruellefilms.com\/archives\/production\/uncomfortable-truths-fr\/\",\"name\":\"Uncomfortable Truths (titre de travail) | La Ruelle\",\"isPartOf\":{\"@id\":\"https:\/\/laruellefilms.com\/archives\/#website\"},\"datePublished\":\"2024-06-13T15:20:30+00:00\",\"dateModified\":\"2025-01-22T14:56:42+00:00\",\"description\":\"Des habitants sont boulevers\u00e9s par l'apparition de triangles noirs dans le ciel. Alors que l'on cherche des r\u00e9ponses, une r\u00e9volution scientifique commence.\",\"breadcrumb\":{\"@id\":\"https:\/\/laruellefilms.com\/archives\/production\/uncomfortable-truths-fr\/#breadcrumb\"},\"inLanguage\":\"fr-FR\",\"potentialAction\":[{\"@type\":\"ReadAction\",\"target\":[\"https:\/\/laruellefilms.com\/archives\/production\/uncomfortable-truths-fr\/\"]}]},{\"@type\":\"BreadcrumbList\",\"@id\":\"https:\/\/laruellefilms.com\/archives\/production\/uncomfortable-truths-fr\/#breadcrumb\",\"itemListElement\":[{\"@type\":\"ListItem\",\"position\":1,\"name\":\"Home\",\"item\":\"https:\/\/laruellefilms.com\/archives\/\"},{\"@type\":\"ListItem\",\"position\":2,\"name\":\"Films et Productions\",\"item\":\"https:\/\/laruellefilms.com\/archives\/production\/\"},{\"@type\":\"ListItem\",\"position\":3,\"name\":\"Uncomfortable Truths (titre de travail)\"}]},{\"@type\":\"WebSite\",\"@id\":\"https:\/\/laruellefilms.com\/archives\/#website\",\"url\":\"https:\/\/laruellefilms.com\/archives\/\",\"name\":\"La Ruelle\",\"description\":\"\",\"publisher\":{\"@id\":\"https:\/\/laruellefilms.com\/archives\/#organization\"},\"potentialAction\":[{\"@type\":\"SearchAction\",\"target\":{\"@type\":\"EntryPoint\",\"urlTemplate\":\"https:\/\/laruellefilms.com\/archives\/?s={search_term_string}\"},\"query-input\":{\"@type\":\"PropertyValueSpecification\",\"valueRequired\":true,\"valueName\":\"search_term_string\"}}],\"inLanguage\":\"fr-FR\"},{\"@type\":\"Organization\",\"@id\":\"https:\/\/laruellefilms.com\/archives\/#organization\",\"name\":\"La Ruelle Films\",\"url\":\"https:\/\/laruellefilms.com\/archives\/\",\"logo\":{\"@type\":\"ImageObject\",\"inLanguage\":\"fr-FR\",\"@id\":\"https:\/\/laruellefilms.com\/archives\/#\/schema\/logo\/image\/\",\"url\":\"https:\/\/laruellefilms.com\/archives\/wp-content\/uploads\/Logo_LA_RUELLE_SEUL_NOIRFilm-1.png\",\"contentUrl\":\"https:\/\/laruellefilms.com\/archives\/wp-content\/uploads\/Logo_LA_RUELLE_SEUL_NOIRFilm-1.png\",\"width\":6480,\"height\":2772,\"caption\":\"La Ruelle Films\"},\"image\":{\"@id\":\"https:\/\/laruellefilms.com\/archives\/#\/schema\/logo\/image\/\"},\"sameAs\":[\"https:\/\/www.facebook.com\/laruellefilms\",\"https:\/\/www.youtube.com\/user\/productiondelaruelle\"]}]}<\/script>\n<!-- \/ Yoast SEO plugin. -->","yoast_head_json":{"title":"Uncomfortable Truths (titre de travail) | La Ruelle","description":"Des habitants sont boulevers\u00e9s par l'apparition de triangles noirs dans le ciel. Alors que l'on cherche des r\u00e9ponses, une r\u00e9volution scientifique commence.","robots":{"index":"index","follow":"follow","max-snippet":"max-snippet:-1","max-image-preview":"max-image-preview:large","max-video-preview":"max-video-preview:-1"},"canonical":"https:\/\/laruellefilms.com\/archives\/production\/uncomfortable-truths-fr\/","og_locale":"fr_FR","og_type":"article","og_title":"Uncomfortable Truths (titre de travail) | La Ruelle","og_description":"Des habitants sont boulevers\u00e9s par l'apparition de triangles noirs dans le ciel. Alors que l'on cherche des r\u00e9ponses, une r\u00e9volution scientifique commence.","og_url":"https:\/\/laruellefilms.com\/archives\/production\/uncomfortable-truths-fr\/","og_site_name":"La Ruelle","article_publisher":"https:\/\/www.facebook.com\/laruellefilms","article_modified_time":"2025-01-22T14:56:42+00:00","twitter_card":"summary_large_image","twitter_misc":{"Dur\u00e9e de lecture estim\u00e9e":"1 minute"},"schema":{"@context":"https:\/\/schema.org","@graph":[{"@type":"WebPage","@id":"https:\/\/laruellefilms.com\/archives\/production\/uncomfortable-truths-fr\/","url":"https:\/\/laruellefilms.com\/archives\/production\/uncomfortable-truths-fr\/","name":"Uncomfortable Truths (titre de travail) | La Ruelle","isPartOf":{"@id":"https:\/\/laruellefilms.com\/archives\/#website"},"datePublished":"2024-06-13T15:20:30+00:00","dateModified":"2025-01-22T14:56:42+00:00","description":"Des habitants sont boulevers\u00e9s par l'apparition de triangles noirs dans le ciel. Alors que l'on cherche des r\u00e9ponses, une r\u00e9volution scientifique commence.","breadcrumb":{"@id":"https:\/\/laruellefilms.com\/archives\/production\/uncomfortable-truths-fr\/#breadcrumb"},"inLanguage":"fr-FR","potentialAction":[{"@type":"ReadAction","target":["https:\/\/laruellefilms.com\/archives\/production\/uncomfortable-truths-fr\/"]}]},{"@type":"BreadcrumbList","@id":"https:\/\/laruellefilms.com\/archives\/production\/uncomfortable-truths-fr\/#breadcrumb","itemListElement":[{"@type":"ListItem","position":1,"name":"Home","item":"https:\/\/laruellefilms.com\/archives\/"},{"@type":"ListItem","position":2,"name":"Films et Productions","item":"https:\/\/laruellefilms.com\/archives\/production\/"},{"@type":"ListItem","position":3,"name":"Uncomfortable Truths (titre de travail)"}]},{"@type":"WebSite","@id":"https:\/\/laruellefilms.com\/archives\/#website","url":"https:\/\/laruellefilms.com\/archives\/","name":"La Ruelle","description":"","publisher":{"@id":"https:\/\/laruellefilms.com\/archives\/#organization"},"potentialAction":[{"@type":"SearchAction","target":{"@type":"EntryPoint","urlTemplate":"https:\/\/laruellefilms.com\/archives\/?s={search_term_string}"},"query-input":{"@type":"PropertyValueSpecification","valueRequired":true,"valueName":"search_term_string"}}],"inLanguage":"fr-FR"},{"@type":"Organization","@id":"https:\/\/laruellefilms.com\/archives\/#organization","name":"La Ruelle Films","url":"https:\/\/laruellefilms.com\/archives\/","logo":{"@type":"ImageObject","inLanguage":"fr-FR","@id":"https:\/\/laruellefilms.com\/archives\/#\/schema\/logo\/image\/","url":"https:\/\/laruellefilms.com\/archives\/wp-content\/uploads\/Logo_LA_RUELLE_SEUL_NOIRFilm-1.png","contentUrl":"https:\/\/laruellefilms.com\/archives\/wp-content\/uploads\/Logo_LA_RUELLE_SEUL_NOIRFilm-1.png","width":6480,"height":2772,"caption":"La Ruelle Films"},"image":{"@id":"https:\/\/laruellefilms.com\/archives\/#\/schema\/logo\/image\/"},"sameAs":["https:\/\/www.facebook.com\/laruellefilms","https:\/\/www.youtube.com\/user\/productiondelaruelle"]}]}},"_links":{"self":[{"href":"https:\/\/laruellefilms.com\/archives\/wp-json\/wp\/v2\/pages\/10067","targetHints":{"allow":["GET"]}}],"collection":[{"href":"https:\/\/laruellefilms.com\/archives\/wp-json\/wp\/v2\/pages"}],"about":[{"href":"https:\/\/laruellefilms.com\/archives\/wp-json\/wp\/v2\/types\/page"}],"author":[{"embeddable":true,"href":"https:\/\/laruellefilms.com\/archives\/wp-json\/wp\/v2\/users\/1"}],"replies":[{"embeddable":true,"href":"https:\/\/laruellefilms.com\/archives\/wp-json\/wp\/v2\/comments?post=10067"}],"version-history":[{"count":57,"href":"https:\/\/laruellefilms.com\/archives\/wp-json\/wp\/v2\/pages\/10067\/revisions"}],"predecessor-version":[{"id":10340,"href":"https:\/\/laruellefilms.com\/archives\/wp-json\/wp\/v2\/pages\/10067\/revisions\/10340"}],"up":[{"embeddable":true,"href":"https:\/\/laruellefilms.com\/archives\/wp-json\/wp\/v2\/pages\/1394"}],"wp:attachment":[{"href":"https:\/\/laruellefilms.com\/archives\/wp-json\/wp\/v2\/media?parent=10067"}],"curies":[{"name":"wp","href":"https:\/\/api.w.org\/{rel}","templated":true}]}}