{"id":852,"date":"2019-11-06T15:18:09","date_gmt":"2019-11-06T15:18:09","guid":{"rendered":"https:\/\/productionsdelaruelle.ca\/archives\/?page_id=852"},"modified":"2020-04-21T18:18:21","modified_gmt":"2020-04-21T18:18:21","slug":"termes-et-conditions","status":"publish","type":"page","link":"https:\/\/laruellefilms.com\/archives\/termes-et-conditions\/","title":{"rendered":"Termes et conditions"},"content":{"rendered":"\t\t<div data-elementor-type=\"wp-page\" data-elementor-id=\"852\" class=\"elementor elementor-852\" data-elementor-post-type=\"page\">\n\t\t\t\t\t\t<section class=\"elementor-section elementor-top-section elementor-element elementor-element-77aba71 elementor-section-boxed elementor-section-height-default elementor-section-height-default\" data-id=\"77aba71\" data-element_type=\"section\" data-e-type=\"section\">\n\t\t\t\t\t\t<div class=\"elementor-container elementor-column-gap-default\">\n\t\t\t\t\t<div class=\"elementor-column elementor-col-100 elementor-top-column elementor-element elementor-element-9b90466\" data-id=\"9b90466\" data-element_type=\"column\" data-e-type=\"column\">\n\t\t\t<div class=\"elementor-widget-wrap elementor-element-populated\">\n\t\t\t\t\t\t<div class=\"elementor-element elementor-element-6752365 elementor-widget elementor-widget-spacer\" data-id=\"6752365\" data-element_type=\"widget\" data-e-type=\"widget\" data-widget_type=\"spacer.default\">\n\t\t\t\t<div class=\"elementor-widget-container\">\n\t\t\t\t\t\t\t<div class=\"elementor-spacer\">\n\t\t\t<div class=\"elementor-spacer-inner\"><\/div>\n\t\t<\/div>\n\t\t\t\t\t\t<\/div>\n\t\t\t\t<\/div>\n\t\t\t\t<div class=\"elementor-element elementor-element-0595f4f elementor-widget elementor-widget-heading\" data-id=\"0595f4f\" data-element_type=\"widget\" data-e-type=\"widget\" data-widget_type=\"heading.default\">\n\t\t\t\t<div class=\"elementor-widget-container\">\n\t\t\t\t\t<h1 class=\"elementor-heading-title elementor-size-default\">Termes et conditions<\/h1>\t\t\t\t<\/div>\n\t\t\t\t<\/div>\n\t\t\t\t<div class=\"elementor-element elementor-element-9fb81f8 elementor-widget elementor-widget-text-editor\" data-id=\"9fb81f8\" data-element_type=\"widget\" data-e-type=\"widget\" data-widget_type=\"text-editor.default\">\n\t\t\t\t<div class=\"elementor-widget-container\">\n\t\t\t\t\t\t\t\t\t<p>Tout ce qui est compris dans ce site Internet est la propri\u00e9t\u00e9 exclusive de La Ruelle (Les Productions de la ruelle). Tout contrevenant pourra \u00eatre traduit devant les tribunaux.<\/p>\n<div>Toutes les marques d\u00e9pos\u00e9es mentionn\u00e9es dans ce document appartiennent \u00e0 leurs propri\u00e9taires respectifs. Sauf s&rsquo;il est identifi\u00e9 par la d\u00e9nomination \u00abCOPY FREE\u00bb, le contenu de ce site est prot\u00e9g\u00e9 par les droits d&rsquo;auteur de La Ruelle. La Ruelle vous autorise par la pr\u00e9sente \u00e0 copier des documents publi\u00e9s par La Ruelle sur le World Wide Web pour un usage non commercial au sein de votre organisation uniquement. En contrepartie de cette autorisation, vous acceptez que toute copie de ces documents que vous effectuez conserve tous les droits d&rsquo;auteur et autres avis de propri\u00e9t\u00e9 contenus dans le pr\u00e9sent document.<\/div>\n<div>&nbsp;<\/div>\n<div>Vous ne pouvez pas autrement copier ou transmettre le contenu de ce site Web par voie \u00e9lectronique ou sur papier. Vous ne pouvez en aucun cas modifier le contenu de ce site Web. Si vous \u00eates int\u00e9ress\u00e9 \u00e0 utiliser le contenu de ce site Web de quelque mani\u00e8re que ce soit, sauf comme d\u00e9crit ci-dessus, veuillez contacter <a href=\"https:\/\/laruellefilms.com\/pdlr\/contact\/\">Guylaine Maroist<\/a> pour obtenir des informations sur les licences.<\/div>\n<div>&nbsp;<\/div>\n<div>Les documents individuels publi\u00e9s par La Ruelle sur le World Wide Web peuvent contenir d&rsquo;autres mentions de propri\u00e9t\u00e9 et informations de copyright sp\u00e9cifiques \u00e0 ce document individuel. Rien dans le pr\u00e9sent document ne doit \u00eatre interpr\u00e9t\u00e9 comme conf\u00e9rant par implication, pr\u00e9clusion ou autrement une licence ou un droit en vertu d&rsquo;un brevet, d&rsquo;une marque ou d&rsquo;un autre droit de propri\u00e9t\u00e9 de La Ruelle ou de tout tiers. Sauf disposition expresse ci-dessus, rien dans les pr\u00e9sentes ne doit \u00eatre interpr\u00e9t\u00e9 comme conf\u00e9rant une licence ou un droit en vertu d&rsquo;un droit d&rsquo;auteur ou d&rsquo;un autre droit de propri\u00e9t\u00e9 de La Ruelle ou de tout tiers. Veuillez noter que tout produit, processus ou technologie dans ce document peut faire l&rsquo;objet d&rsquo;autres droits de propri\u00e9t\u00e9 intellectuelle r\u00e9serv\u00e9s par La Ruelle et ne peut pas \u00eatre autoris\u00e9 ici.<\/div>\n<div>&nbsp;<\/div>\n<div><br><\/div>\n<div>&nbsp;<\/div>\t\t\t\t\t\t\t\t<\/div>\n\t\t\t\t<\/div>\n\t\t\t\t\t<\/div>\n\t\t<\/div>\n\t\t\t\t\t<\/div>\n\t\t<\/section>\n\t\t\t\t<\/div>\n\t\t","protected":false},"excerpt":{"rendered":"<p>Termes et conditions Tout ce qui est compris dans ce site Internet est la propri\u00e9t\u00e9 exclusive de La Ruelle (Les Productions de la ruelle). Tout contrevenant pourra \u00eatre traduit devant les tribunaux. Toutes les marques d\u00e9pos\u00e9es mentionn\u00e9es dans ce document appartiennent \u00e0 leurs propri\u00e9taires respectifs. Sauf s&rsquo;il est identifi\u00e9 par la d\u00e9nomination \u00abCOPY FREE\u00bb, le [&hellip;]<\/p>\n","protected":false},"author":1,"featured_media":0,"parent":0,"menu_order":0,"comment_status":"closed","ping_status":"closed","template":"elementor_header_footer","meta":{"footnotes":""},"class_list":["post-852","page","type-page","status-publish","hentry"],"yoast_head":"<!-- This site is optimized with the Yoast SEO plugin v27.2 - https:\/\/yoast.com\/product\/yoast-seo-wordpress\/ -->\n<title>Termes et conditions | La Ruelle<\/title>\n<meta name=\"robots\" content=\"index, follow, max-snippet:-1, max-image-preview:large, max-video-preview:-1\" \/>\n<link rel=\"canonical\" href=\"https:\/\/laruellefilms.com\/archives\/termes-et-conditions\/\" \/>\n<meta property=\"og:locale\" content=\"fr_FR\" \/>\n<meta property=\"og:type\" content=\"article\" \/>\n<meta property=\"og:title\" content=\"Termes et conditions | La Ruelle\" \/>\n<meta property=\"og:description\" content=\"Termes et conditions Tout ce qui est compris dans ce site Internet est la propri\u00e9t\u00e9 exclusive de La Ruelle (Les Productions de la ruelle). Tout contrevenant pourra \u00eatre traduit devant les tribunaux. Toutes les marques d\u00e9pos\u00e9es mentionn\u00e9es dans ce document appartiennent \u00e0 leurs propri\u00e9taires respectifs. Sauf s&rsquo;il est identifi\u00e9 par la d\u00e9nomination \u00abCOPY FREE\u00bb, le [&hellip;]\" \/>\n<meta property=\"og:url\" content=\"https:\/\/laruellefilms.com\/archives\/termes-et-conditions\/\" \/>\n<meta property=\"og:site_name\" content=\"La Ruelle\" \/>\n<meta property=\"article:publisher\" content=\"https:\/\/www.facebook.com\/laruellefilms\" \/>\n<meta property=\"article:modified_time\" content=\"2020-04-21T18:18:21+00:00\" \/>\n<meta name=\"twitter:card\" content=\"summary_large_image\" \/>\n<meta name=\"twitter:label1\" content=\"Dur\u00e9e de lecture estim\u00e9e\" \/>\n\t<meta name=\"twitter:data1\" content=\"2 minutes\" \/>\n<script type=\"application\/ld+json\" class=\"yoast-schema-graph\">{\"@context\":\"https:\/\/schema.org\",\"@graph\":[{\"@type\":\"WebPage\",\"@id\":\"https:\/\/laruellefilms.com\/archives\/termes-et-conditions\/\",\"url\":\"https:\/\/laruellefilms.com\/archives\/termes-et-conditions\/\",\"name\":\"Termes et conditions | La Ruelle\",\"isPartOf\":{\"@id\":\"https:\/\/laruellefilms.com\/archives\/#website\"},\"datePublished\":\"2019-11-06T15:18:09+00:00\",\"dateModified\":\"2020-04-21T18:18:21+00:00\",\"breadcrumb\":{\"@id\":\"https:\/\/laruellefilms.com\/archives\/termes-et-conditions\/#breadcrumb\"},\"inLanguage\":\"fr-FR\",\"potentialAction\":[{\"@type\":\"ReadAction\",\"target\":[\"https:\/\/laruellefilms.com\/archives\/termes-et-conditions\/\"]}]},{\"@type\":\"BreadcrumbList\",\"@id\":\"https:\/\/laruellefilms.com\/archives\/termes-et-conditions\/#breadcrumb\",\"itemListElement\":[{\"@type\":\"ListItem\",\"position\":1,\"name\":\"Home\",\"item\":\"https:\/\/laruellefilms.com\/archives\/\"},{\"@type\":\"ListItem\",\"position\":2,\"name\":\"Termes et conditions\"}]},{\"@type\":\"WebSite\",\"@id\":\"https:\/\/laruellefilms.com\/archives\/#website\",\"url\":\"https:\/\/laruellefilms.com\/archives\/\",\"name\":\"La Ruelle\",\"description\":\"\",\"publisher\":{\"@id\":\"https:\/\/laruellefilms.com\/archives\/#organization\"},\"potentialAction\":[{\"@type\":\"SearchAction\",\"target\":{\"@type\":\"EntryPoint\",\"urlTemplate\":\"https:\/\/laruellefilms.com\/archives\/?s={search_term_string}\"},\"query-input\":{\"@type\":\"PropertyValueSpecification\",\"valueRequired\":true,\"valueName\":\"search_term_string\"}}],\"inLanguage\":\"fr-FR\"},{\"@type\":\"Organization\",\"@id\":\"https:\/\/laruellefilms.com\/archives\/#organization\",\"name\":\"La Ruelle Films\",\"url\":\"https:\/\/laruellefilms.com\/archives\/\",\"logo\":{\"@type\":\"ImageObject\",\"inLanguage\":\"fr-FR\",\"@id\":\"https:\/\/laruellefilms.com\/archives\/#\/schema\/logo\/image\/\",\"url\":\"https:\/\/laruellefilms.com\/archives\/wp-content\/uploads\/Logo_LA_RUELLE_SEUL_NOIRFilm-1.png\",\"contentUrl\":\"https:\/\/laruellefilms.com\/archives\/wp-content\/uploads\/Logo_LA_RUELLE_SEUL_NOIRFilm-1.png\",\"width\":6480,\"height\":2772,\"caption\":\"La Ruelle Films\"},\"image\":{\"@id\":\"https:\/\/laruellefilms.com\/archives\/#\/schema\/logo\/image\/\"},\"sameAs\":[\"https:\/\/www.facebook.com\/laruellefilms\",\"https:\/\/www.youtube.com\/user\/productiondelaruelle\"]}]}<\/script>\n<!-- \/ Yoast SEO plugin. -->","yoast_head_json":{"title":"Termes et conditions | La Ruelle","robots":{"index":"index","follow":"follow","max-snippet":"max-snippet:-1","max-image-preview":"max-image-preview:large","max-video-preview":"max-video-preview:-1"},"canonical":"https:\/\/laruellefilms.com\/archives\/termes-et-conditions\/","og_locale":"fr_FR","og_type":"article","og_title":"Termes et conditions | La Ruelle","og_description":"Termes et conditions Tout ce qui est compris dans ce site Internet est la propri\u00e9t\u00e9 exclusive de La Ruelle (Les Productions de la ruelle). Tout contrevenant pourra \u00eatre traduit devant les tribunaux. Toutes les marques d\u00e9pos\u00e9es mentionn\u00e9es dans ce document appartiennent \u00e0 leurs propri\u00e9taires respectifs. Sauf s&rsquo;il est identifi\u00e9 par la d\u00e9nomination \u00abCOPY FREE\u00bb, le [&hellip;]","og_url":"https:\/\/laruellefilms.com\/archives\/termes-et-conditions\/","og_site_name":"La Ruelle","article_publisher":"https:\/\/www.facebook.com\/laruellefilms","article_modified_time":"2020-04-21T18:18:21+00:00","twitter_card":"summary_large_image","twitter_misc":{"Dur\u00e9e de lecture estim\u00e9e":"2 minutes"},"schema":{"@context":"https:\/\/schema.org","@graph":[{"@type":"WebPage","@id":"https:\/\/laruellefilms.com\/archives\/termes-et-conditions\/","url":"https:\/\/laruellefilms.com\/archives\/termes-et-conditions\/","name":"Termes et conditions | La Ruelle","isPartOf":{"@id":"https:\/\/laruellefilms.com\/archives\/#website"},"datePublished":"2019-11-06T15:18:09+00:00","dateModified":"2020-04-21T18:18:21+00:00","breadcrumb":{"@id":"https:\/\/laruellefilms.com\/archives\/termes-et-conditions\/#breadcrumb"},"inLanguage":"fr-FR","potentialAction":[{"@type":"ReadAction","target":["https:\/\/laruellefilms.com\/archives\/termes-et-conditions\/"]}]},{"@type":"BreadcrumbList","@id":"https:\/\/laruellefilms.com\/archives\/termes-et-conditions\/#breadcrumb","itemListElement":[{"@type":"ListItem","position":1,"name":"Home","item":"https:\/\/laruellefilms.com\/archives\/"},{"@type":"ListItem","position":2,"name":"Termes et conditions"}]},{"@type":"WebSite","@id":"https:\/\/laruellefilms.com\/archives\/#website","url":"https:\/\/laruellefilms.com\/archives\/","name":"La Ruelle","description":"","publisher":{"@id":"https:\/\/laruellefilms.com\/archives\/#organization"},"potentialAction":[{"@type":"SearchAction","target":{"@type":"EntryPoint","urlTemplate":"https:\/\/laruellefilms.com\/archives\/?s={search_term_string}"},"query-input":{"@type":"PropertyValueSpecification","valueRequired":true,"valueName":"search_term_string"}}],"inLanguage":"fr-FR"},{"@type":"Organization","@id":"https:\/\/laruellefilms.com\/archives\/#organization","name":"La Ruelle Films","url":"https:\/\/laruellefilms.com\/archives\/","logo":{"@type":"ImageObject","inLanguage":"fr-FR","@id":"https:\/\/laruellefilms.com\/archives\/#\/schema\/logo\/image\/","url":"https:\/\/laruellefilms.com\/archives\/wp-content\/uploads\/Logo_LA_RUELLE_SEUL_NOIRFilm-1.png","contentUrl":"https:\/\/laruellefilms.com\/archives\/wp-content\/uploads\/Logo_LA_RUELLE_SEUL_NOIRFilm-1.png","width":6480,"height":2772,"caption":"La Ruelle Films"},"image":{"@id":"https:\/\/laruellefilms.com\/archives\/#\/schema\/logo\/image\/"},"sameAs":["https:\/\/www.facebook.com\/laruellefilms","https:\/\/www.youtube.com\/user\/productiondelaruelle"]}]}},"_links":{"self":[{"href":"https:\/\/laruellefilms.com\/archives\/wp-json\/wp\/v2\/pages\/852","targetHints":{"allow":["GET"]}}],"collection":[{"href":"https:\/\/laruellefilms.com\/archives\/wp-json\/wp\/v2\/pages"}],"about":[{"href":"https:\/\/laruellefilms.com\/archives\/wp-json\/wp\/v2\/types\/page"}],"author":[{"embeddable":true,"href":"https:\/\/laruellefilms.com\/archives\/wp-json\/wp\/v2\/users\/1"}],"replies":[{"embeddable":true,"href":"https:\/\/laruellefilms.com\/archives\/wp-json\/wp\/v2\/comments?post=852"}],"version-history":[{"count":19,"href":"https:\/\/laruellefilms.com\/archives\/wp-json\/wp\/v2\/pages\/852\/revisions"}],"predecessor-version":[{"id":5918,"href":"https:\/\/laruellefilms.com\/archives\/wp-json\/wp\/v2\/pages\/852\/revisions\/5918"}],"wp:attachment":[{"href":"https:\/\/laruellefilms.com\/archives\/wp-json\/wp\/v2\/media?parent=852"}],"curies":[{"name":"wp","href":"https:\/\/api.w.org\/{rel}","templated":true}]}}