{"id":3043,"date":"2020-03-04T19:34:30","date_gmt":"2020-03-04T19:34:30","guid":{"rendered":"https:\/\/productionsdelaruelle.ca\/archives\/?post_type=product&#038;p=3043"},"modified":"2026-01-09T18:54:03","modified_gmt":"2026-01-09T18:54:03","slug":"jai-la-memoire-qui-tourne-coffret-collection-6-dvd","status":"publish","type":"product","link":"https:\/\/laruellefilms.com\/archives\/product\/jai-la-memoire-qui-tourne-coffret-collection-6-dvd\/","title":{"rendered":"J&rsquo;ai la m\u00e9moire qui tourne &#8211; Coffret Collection 6 DVD"},"content":{"rendered":"\t\t<div data-elementor-type=\"product-post\" data-elementor-id=\"3043\" class=\"elementor elementor-3043\" data-elementor-post-type=\"product\">\n\t\t\t\t\t\t<section class=\"elementor-section elementor-top-section elementor-element elementor-element-f017e83 elementor-section-boxed elementor-section-height-default elementor-section-height-default\" data-id=\"f017e83\" data-element_type=\"section\" data-e-type=\"section\">\n\t\t\t\t\t\t<div class=\"elementor-container elementor-column-gap-default\">\n\t\t\t\t\t<div class=\"elementor-column elementor-col-100 elementor-top-column elementor-element elementor-element-bbc5114\" data-id=\"bbc5114\" data-element_type=\"column\" data-e-type=\"column\">\n\t\t\t<div class=\"elementor-widget-wrap elementor-element-populated\">\n\t\t\t\t\t\t<div class=\"elementor-element elementor-element-54d1a1e elementor-widget elementor-widget-video\" data-id=\"54d1a1e\" data-element_type=\"widget\" data-e-type=\"widget\" data-settings=\"{&quot;video_type&quot;:&quot;vimeo&quot;}\" data-widget_type=\"video.default\">\n\t\t\t\t<div class=\"elementor-widget-container\">\n\t\t\t\t\t\t\t<div class=\"elementor-wrapper elementor-open-inline\">\n\t\t\t<iframe class=\"elementor-video-iframe\" allowfullscreen allow=\"clipboard-write\" title=\"Lecteur vid\u00e9o vimeo\" src=\"https:\/\/player.vimeo.com\/video\/143438193?color&amp;autopause=0&amp;loop=0&amp;muted=0&amp;title=1&amp;portrait=1&amp;byline=1#t=\"><\/iframe>\t\t<\/div>\n\t\t\t\t\t\t<\/div>\n\t\t\t\t<\/div>\n\t\t\t\t\t<\/div>\n\t\t<\/div>\n\t\t\t\t\t<\/div>\n\t\t<\/section>\n\t\t\t\t<\/div>\n\t\t","protected":false},"excerpt":{"rendered":"<h6>S\u00e9rie 1, S\u00e9rie 2 et S\u00e9rie 3 \u2013 \u00c9pisodes 1 \u00e0 12<br \/>\n+ 24 courts \u00e9pisodes in\u00e9dits<\/h6>\n<h6><a href=\"https:\/\/laruellefilms.com\/archives\/production\/jai-la-memoire-qui-tourne\/\">Voir la page de la production<\/a><\/h6>\n<h4><\/h4>\n","protected":false},"featured_media":6304,"template":"","meta":[],"product_brand":[],"product_cat":[65],"product_tag":[457],"class_list":{"0":"post-3043","1":"product","2":"type-product","3":"status-publish","4":"has-post-thumbnail","6":"product_cat-film_fr","7":"product_tag-jai-la-memoire-qui-tourne-en-fr","9":"first","10":"outofstock","11":"taxable","12":"shipping-taxable","13":"purchasable","14":"product-type-simple"},"yoast_head":"<!-- This site is optimized with the Yoast SEO plugin v27.2 - https:\/\/yoast.com\/product\/yoast-seo-wordpress\/ -->\n<title>Coffret DVD J&#039;ai la m\u00e9moire qui tourne Saisons 1-3 | Boutique La Ruelle<\/title>\n<meta name=\"description\" content=\"La collection DVD J&#039;ai la m\u00e9moire qui tourne Saisons 1-3 est maintenant disponible \u00e0 la Boutique La Ruelle! Plongez dans le Qu\u00e9bec des ann\u00e9es 1920 \u00e0 1980.\" \/>\n<meta name=\"robots\" content=\"index, follow, max-snippet:-1, max-image-preview:large, max-video-preview:-1\" \/>\n<link rel=\"canonical\" href=\"https:\/\/laruellefilms.com\/archives\/product\/jai-la-memoire-qui-tourne-coffret-collection-6-dvd\/\" \/>\n<meta property=\"og:locale\" content=\"fr_FR\" \/>\n<meta property=\"og:type\" content=\"article\" \/>\n<meta property=\"og:title\" content=\"Coffret DVD J&#039;ai la m\u00e9moire qui tourne Saisons 1-3 | Boutique La Ruelle\" \/>\n<meta property=\"og:description\" content=\"La collection DVD J&#039;ai la m\u00e9moire qui tourne Saisons 1-3 est maintenant disponible \u00e0 la Boutique La Ruelle! Plongez dans le Qu\u00e9bec des ann\u00e9es 1920 \u00e0 1980.\" \/>\n<meta property=\"og:url\" content=\"https:\/\/laruellefilms.com\/archives\/product\/jai-la-memoire-qui-tourne-coffret-collection-6-dvd\/\" \/>\n<meta property=\"og:site_name\" content=\"La Ruelle\" \/>\n<meta property=\"article:publisher\" content=\"https:\/\/www.facebook.com\/laruellefilms\" \/>\n<meta property=\"article:modified_time\" content=\"2026-01-09T18:54:03+00:00\" \/>\n<meta property=\"og:image\" content=\"https:\/\/laruellefilms.com\/archives\/wp-content\/uploads\/JLMQT_Coffret_DVD_WEB.jpg\" \/>\n\t<meta property=\"og:image:width\" content=\"606\" \/>\n\t<meta property=\"og:image:height\" content=\"661\" \/>\n\t<meta property=\"og:image:type\" content=\"image\/jpeg\" \/>\n<meta name=\"twitter:card\" content=\"summary_large_image\" \/>\n<meta name=\"twitter:label1\" content=\"Dur\u00e9e de lecture estim\u00e9e\" \/>\n\t<meta name=\"twitter:data1\" content=\"1 minute\" \/>\n<script type=\"application\/ld+json\" class=\"yoast-schema-graph\">{\"@context\":\"https:\/\/schema.org\",\"@graph\":[{\"@type\":\"WebPage\",\"@id\":\"https:\/\/laruellefilms.com\/archives\/product\/jai-la-memoire-qui-tourne-coffret-collection-6-dvd\/\",\"url\":\"https:\/\/laruellefilms.com\/archives\/product\/jai-la-memoire-qui-tourne-coffret-collection-6-dvd\/\",\"name\":\"Coffret DVD J'ai la m\u00e9moire qui tourne Saisons 1-3 | Boutique La Ruelle\",\"isPartOf\":{\"@id\":\"https:\/\/laruellefilms.com\/archives\/#website\"},\"primaryImageOfPage\":{\"@id\":\"https:\/\/laruellefilms.com\/archives\/product\/jai-la-memoire-qui-tourne-coffret-collection-6-dvd\/#primaryimage\"},\"image\":{\"@id\":\"https:\/\/laruellefilms.com\/archives\/product\/jai-la-memoire-qui-tourne-coffret-collection-6-dvd\/#primaryimage\"},\"thumbnailUrl\":\"https:\/\/laruellefilms.com\/archives\/wp-content\/uploads\/JLMQT_Coffret_DVD_WEB.jpg\",\"datePublished\":\"2020-03-04T19:34:30+00:00\",\"dateModified\":\"2026-01-09T18:54:03+00:00\",\"description\":\"La collection DVD J'ai la m\u00e9moire qui tourne Saisons 1-3 est maintenant disponible \u00e0 la Boutique La Ruelle! Plongez dans le Qu\u00e9bec des ann\u00e9es 1920 \u00e0 1980.\",\"breadcrumb\":{\"@id\":\"https:\/\/laruellefilms.com\/archives\/product\/jai-la-memoire-qui-tourne-coffret-collection-6-dvd\/#breadcrumb\"},\"inLanguage\":\"fr-FR\",\"potentialAction\":[{\"@type\":\"ReadAction\",\"target\":[\"https:\/\/laruellefilms.com\/archives\/product\/jai-la-memoire-qui-tourne-coffret-collection-6-dvd\/\"]}]},{\"@type\":\"ImageObject\",\"inLanguage\":\"fr-FR\",\"@id\":\"https:\/\/laruellefilms.com\/archives\/product\/jai-la-memoire-qui-tourne-coffret-collection-6-dvd\/#primaryimage\",\"url\":\"https:\/\/laruellefilms.com\/archives\/wp-content\/uploads\/JLMQT_Coffret_DVD_WEB.jpg\",\"contentUrl\":\"https:\/\/laruellefilms.com\/archives\/wp-content\/uploads\/JLMQT_Coffret_DVD_WEB.jpg\",\"width\":606,\"height\":661,\"caption\":\"J'ai la m\u00e9moire qui tourne - Coffret DVD\"},{\"@type\":\"BreadcrumbList\",\"@id\":\"https:\/\/laruellefilms.com\/archives\/product\/jai-la-memoire-qui-tourne-coffret-collection-6-dvd\/#breadcrumb\",\"itemListElement\":[{\"@type\":\"ListItem\",\"position\":1,\"name\":\"Home\",\"item\":\"https:\/\/laruellefilms.com\/archives\/\"},{\"@type\":\"ListItem\",\"position\":2,\"name\":\"Boutique\",\"item\":\"https:\/\/laruellefilms.com\/archives\/boutique\/\"},{\"@type\":\"ListItem\",\"position\":3,\"name\":\"J&rsquo;ai la m\u00e9moire qui tourne &#8211; Coffret Collection 6 DVD\"}]},{\"@type\":\"WebSite\",\"@id\":\"https:\/\/laruellefilms.com\/archives\/#website\",\"url\":\"https:\/\/laruellefilms.com\/archives\/\",\"name\":\"La Ruelle\",\"description\":\"\",\"publisher\":{\"@id\":\"https:\/\/laruellefilms.com\/archives\/#organization\"},\"potentialAction\":[{\"@type\":\"SearchAction\",\"target\":{\"@type\":\"EntryPoint\",\"urlTemplate\":\"https:\/\/laruellefilms.com\/archives\/?s={search_term_string}\"},\"query-input\":{\"@type\":\"PropertyValueSpecification\",\"valueRequired\":true,\"valueName\":\"search_term_string\"}}],\"inLanguage\":\"fr-FR\"},{\"@type\":\"Organization\",\"@id\":\"https:\/\/laruellefilms.com\/archives\/#organization\",\"name\":\"La Ruelle Films\",\"url\":\"https:\/\/laruellefilms.com\/archives\/\",\"logo\":{\"@type\":\"ImageObject\",\"inLanguage\":\"fr-FR\",\"@id\":\"https:\/\/laruellefilms.com\/archives\/#\/schema\/logo\/image\/\",\"url\":\"https:\/\/laruellefilms.com\/archives\/wp-content\/uploads\/Logo_LA_RUELLE_SEUL_NOIRFilm-1.png\",\"contentUrl\":\"https:\/\/laruellefilms.com\/archives\/wp-content\/uploads\/Logo_LA_RUELLE_SEUL_NOIRFilm-1.png\",\"width\":6480,\"height\":2772,\"caption\":\"La Ruelle Films\"},\"image\":{\"@id\":\"https:\/\/laruellefilms.com\/archives\/#\/schema\/logo\/image\/\"},\"sameAs\":[\"https:\/\/www.facebook.com\/laruellefilms\",\"https:\/\/www.youtube.com\/user\/productiondelaruelle\"]}]}<\/script>\n<!-- \/ Yoast SEO plugin. -->","yoast_head_json":{"title":"Coffret DVD J'ai la m\u00e9moire qui tourne Saisons 1-3 | Boutique La Ruelle","description":"La collection DVD J'ai la m\u00e9moire qui tourne Saisons 1-3 est maintenant disponible \u00e0 la Boutique La Ruelle! Plongez dans le Qu\u00e9bec des ann\u00e9es 1920 \u00e0 1980.","robots":{"index":"index","follow":"follow","max-snippet":"max-snippet:-1","max-image-preview":"max-image-preview:large","max-video-preview":"max-video-preview:-1"},"canonical":"https:\/\/laruellefilms.com\/archives\/product\/jai-la-memoire-qui-tourne-coffret-collection-6-dvd\/","og_locale":"fr_FR","og_type":"article","og_title":"Coffret DVD J'ai la m\u00e9moire qui tourne Saisons 1-3 | Boutique La Ruelle","og_description":"La collection DVD J'ai la m\u00e9moire qui tourne Saisons 1-3 est maintenant disponible \u00e0 la Boutique La Ruelle! Plongez dans le Qu\u00e9bec des ann\u00e9es 1920 \u00e0 1980.","og_url":"https:\/\/laruellefilms.com\/archives\/product\/jai-la-memoire-qui-tourne-coffret-collection-6-dvd\/","og_site_name":"La Ruelle","article_publisher":"https:\/\/www.facebook.com\/laruellefilms","article_modified_time":"2026-01-09T18:54:03+00:00","og_image":[{"width":606,"height":661,"url":"https:\/\/laruellefilms.com\/archives\/wp-content\/uploads\/JLMQT_Coffret_DVD_WEB.jpg","type":"image\/jpeg"}],"twitter_card":"summary_large_image","twitter_misc":{"Dur\u00e9e de lecture estim\u00e9e":"1 minute"},"schema":{"@context":"https:\/\/schema.org","@graph":[{"@type":"WebPage","@id":"https:\/\/laruellefilms.com\/archives\/product\/jai-la-memoire-qui-tourne-coffret-collection-6-dvd\/","url":"https:\/\/laruellefilms.com\/archives\/product\/jai-la-memoire-qui-tourne-coffret-collection-6-dvd\/","name":"Coffret DVD J'ai la m\u00e9moire qui tourne Saisons 1-3 | Boutique La Ruelle","isPartOf":{"@id":"https:\/\/laruellefilms.com\/archives\/#website"},"primaryImageOfPage":{"@id":"https:\/\/laruellefilms.com\/archives\/product\/jai-la-memoire-qui-tourne-coffret-collection-6-dvd\/#primaryimage"},"image":{"@id":"https:\/\/laruellefilms.com\/archives\/product\/jai-la-memoire-qui-tourne-coffret-collection-6-dvd\/#primaryimage"},"thumbnailUrl":"https:\/\/laruellefilms.com\/archives\/wp-content\/uploads\/JLMQT_Coffret_DVD_WEB.jpg","datePublished":"2020-03-04T19:34:30+00:00","dateModified":"2026-01-09T18:54:03+00:00","description":"La collection DVD J'ai la m\u00e9moire qui tourne Saisons 1-3 est maintenant disponible \u00e0 la Boutique La Ruelle! Plongez dans le Qu\u00e9bec des ann\u00e9es 1920 \u00e0 1980.","breadcrumb":{"@id":"https:\/\/laruellefilms.com\/archives\/product\/jai-la-memoire-qui-tourne-coffret-collection-6-dvd\/#breadcrumb"},"inLanguage":"fr-FR","potentialAction":[{"@type":"ReadAction","target":["https:\/\/laruellefilms.com\/archives\/product\/jai-la-memoire-qui-tourne-coffret-collection-6-dvd\/"]}]},{"@type":"ImageObject","inLanguage":"fr-FR","@id":"https:\/\/laruellefilms.com\/archives\/product\/jai-la-memoire-qui-tourne-coffret-collection-6-dvd\/#primaryimage","url":"https:\/\/laruellefilms.com\/archives\/wp-content\/uploads\/JLMQT_Coffret_DVD_WEB.jpg","contentUrl":"https:\/\/laruellefilms.com\/archives\/wp-content\/uploads\/JLMQT_Coffret_DVD_WEB.jpg","width":606,"height":661,"caption":"J'ai la m\u00e9moire qui tourne - Coffret DVD"},{"@type":"BreadcrumbList","@id":"https:\/\/laruellefilms.com\/archives\/product\/jai-la-memoire-qui-tourne-coffret-collection-6-dvd\/#breadcrumb","itemListElement":[{"@type":"ListItem","position":1,"name":"Home","item":"https:\/\/laruellefilms.com\/archives\/"},{"@type":"ListItem","position":2,"name":"Boutique","item":"https:\/\/laruellefilms.com\/archives\/boutique\/"},{"@type":"ListItem","position":3,"name":"J&rsquo;ai la m\u00e9moire qui tourne &#8211; Coffret Collection 6 DVD"}]},{"@type":"WebSite","@id":"https:\/\/laruellefilms.com\/archives\/#website","url":"https:\/\/laruellefilms.com\/archives\/","name":"La Ruelle","description":"","publisher":{"@id":"https:\/\/laruellefilms.com\/archives\/#organization"},"potentialAction":[{"@type":"SearchAction","target":{"@type":"EntryPoint","urlTemplate":"https:\/\/laruellefilms.com\/archives\/?s={search_term_string}"},"query-input":{"@type":"PropertyValueSpecification","valueRequired":true,"valueName":"search_term_string"}}],"inLanguage":"fr-FR"},{"@type":"Organization","@id":"https:\/\/laruellefilms.com\/archives\/#organization","name":"La Ruelle Films","url":"https:\/\/laruellefilms.com\/archives\/","logo":{"@type":"ImageObject","inLanguage":"fr-FR","@id":"https:\/\/laruellefilms.com\/archives\/#\/schema\/logo\/image\/","url":"https:\/\/laruellefilms.com\/archives\/wp-content\/uploads\/Logo_LA_RUELLE_SEUL_NOIRFilm-1.png","contentUrl":"https:\/\/laruellefilms.com\/archives\/wp-content\/uploads\/Logo_LA_RUELLE_SEUL_NOIRFilm-1.png","width":6480,"height":2772,"caption":"La Ruelle Films"},"image":{"@id":"https:\/\/laruellefilms.com\/archives\/#\/schema\/logo\/image\/"},"sameAs":["https:\/\/www.facebook.com\/laruellefilms","https:\/\/www.youtube.com\/user\/productiondelaruelle"]}]}},"_links":{"self":[{"href":"https:\/\/laruellefilms.com\/archives\/wp-json\/wp\/v2\/product\/3043","targetHints":{"allow":["GET"]}}],"collection":[{"href":"https:\/\/laruellefilms.com\/archives\/wp-json\/wp\/v2\/product"}],"about":[{"href":"https:\/\/laruellefilms.com\/archives\/wp-json\/wp\/v2\/types\/product"}],"version-history":[{"count":9,"href":"https:\/\/laruellefilms.com\/archives\/wp-json\/wp\/v2\/product\/3043\/revisions"}],"predecessor-version":[{"id":9902,"href":"https:\/\/laruellefilms.com\/archives\/wp-json\/wp\/v2\/product\/3043\/revisions\/9902"}],"wp:featuredmedia":[{"embeddable":true,"href":"https:\/\/laruellefilms.com\/archives\/wp-json\/wp\/v2\/media\/6304"}],"wp:attachment":[{"href":"https:\/\/laruellefilms.com\/archives\/wp-json\/wp\/v2\/media?parent=3043"}],"wp:term":[{"taxonomy":"product_brand","embeddable":true,"href":"https:\/\/laruellefilms.com\/archives\/wp-json\/wp\/v2\/product_brand?post=3043"},{"taxonomy":"product_cat","embeddable":true,"href":"https:\/\/laruellefilms.com\/archives\/wp-json\/wp\/v2\/product_cat?post=3043"},{"taxonomy":"product_tag","embeddable":true,"href":"https:\/\/laruellefilms.com\/archives\/wp-json\/wp\/v2\/product_tag?post=3043"}],"curies":[{"name":"wp","href":"https:\/\/api.w.org\/{rel}","templated":true}]}}