{"id":3046,"date":"2020-03-04T19:41:33","date_gmt":"2020-03-04T19:41:33","guid":{"rendered":"https:\/\/productionsdelaruelle.ca\/archives\/?post_type=product&#038;p=3046"},"modified":"2020-11-21T16:46:19","modified_gmt":"2020-11-21T16:46:19","slug":"les-etats-desunis-du-canada-les-mouvements-separatistes-hors-quebec","status":"publish","type":"product","link":"https:\/\/laruellefilms.com\/archives\/product\/les-etats-desunis-du-canada-les-mouvements-separatistes-hors-quebec\/","title":{"rendered":"Les \u00c9tats-D\u00e9sunis du Canada \u2013 Les Mouvements s\u00e9paratistes hors Qu\u00e9bec"},"content":{"rendered":"","protected":false},"excerpt":{"rendered":"<p><strong>Un livre sign\u00e9 Guylaine Maroist et Mathieu-Robert Sauv\u00e9<\/strong><\/p>\n<p>Les \u00c9tats-D\u00e9sunis du Canada part \u00e0 la rencontre de ces enfants terribles qui veulent redessiner les fronti\u00e8res de la Conf\u00e9d\u00e9ration canadienne. Ces hommes et ces femmes nous font r\u00e9fl\u00e9chir sur des questions fondamentales. Qu\u2019est-ce qu\u2019un pays ? Qu\u2019est-ce qu\u2019une nation ? And what about Quebec ?<\/p>\n","protected":false},"featured_media":3047,"template":"","meta":[],"product_brand":[],"product_cat":[67],"product_tag":[362,365,368,371],"class_list":{"0":"post-3046","1":"product","2":"type-product","3":"status-publish","4":"has-post-thumbnail","6":"product_cat-livre","7":"product_tag-confederation-canadienne-en-fr","8":"product_tag-independance-en-fr","9":"product_tag-livre-en-fr","10":"product_tag-mathieu-robert-sauve-en-fr","11":"product_shipping_class-paquet-livre-en","13":"first","14":"instock","15":"taxable","16":"shipping-taxable","17":"purchasable","18":"product-type-simple"},"yoast_head":"<!-- This site is optimized with the Yoast SEO plugin v27.2 - https:\/\/yoast.com\/product\/yoast-seo-wordpress\/ -->\n<title>Achetez Les \u00c9tats-D\u00e9sunis du Canada le livre | Boutique La Ruelle<\/title>\n<meta name=\"description\" content=\"Trouvez le livre Les \u00c9tats-D\u00e9sunis du Canada - Les Mouvements s\u00e9paratistes hors Qu\u00e9bec de Guylaine Maroist et Mathieu-Robert Sauv\u00e9 \u00e0 la boutique La Ruelle.\" \/>\n<meta name=\"robots\" content=\"index, follow, max-snippet:-1, max-image-preview:large, max-video-preview:-1\" \/>\n<link rel=\"canonical\" href=\"https:\/\/laruellefilms.com\/archives\/product\/les-etats-desunis-du-canada-les-mouvements-separatistes-hors-quebec\/\" \/>\n<meta property=\"og:locale\" content=\"fr_FR\" \/>\n<meta property=\"og:type\" content=\"article\" \/>\n<meta property=\"og:title\" content=\"Achetez Les \u00c9tats-D\u00e9sunis du Canada le livre | Boutique La Ruelle\" \/>\n<meta property=\"og:description\" content=\"Trouvez le livre Les \u00c9tats-D\u00e9sunis du Canada - Les Mouvements s\u00e9paratistes hors Qu\u00e9bec de Guylaine Maroist et Mathieu-Robert Sauv\u00e9 \u00e0 la boutique La Ruelle.\" \/>\n<meta property=\"og:url\" content=\"https:\/\/laruellefilms.com\/archives\/product\/les-etats-desunis-du-canada-les-mouvements-separatistes-hors-quebec\/\" \/>\n<meta property=\"og:site_name\" content=\"La Ruelle\" \/>\n<meta property=\"article:publisher\" content=\"https:\/\/www.facebook.com\/laruellefilms\" \/>\n<meta property=\"article:modified_time\" content=\"2020-11-21T16:46:19+00:00\" \/>\n<meta property=\"og:image\" content=\"https:\/\/laruellefilms.com\/archives\/wp-content\/uploads\/Livre_Les-Etats-Desunis-du-Canada.jpg\" \/>\n\t<meta property=\"og:image:width\" content=\"790\" \/>\n\t<meta property=\"og:image:height\" content=\"790\" \/>\n\t<meta property=\"og:image:type\" content=\"image\/jpeg\" \/>\n<meta name=\"twitter:card\" content=\"summary_large_image\" \/>\n<script type=\"application\/ld+json\" class=\"yoast-schema-graph\">{\"@context\":\"https:\/\/schema.org\",\"@graph\":[{\"@type\":\"WebPage\",\"@id\":\"https:\/\/laruellefilms.com\/archives\/product\/les-etats-desunis-du-canada-les-mouvements-separatistes-hors-quebec\/\",\"url\":\"https:\/\/laruellefilms.com\/archives\/product\/les-etats-desunis-du-canada-les-mouvements-separatistes-hors-quebec\/\",\"name\":\"Achetez Les \u00c9tats-D\u00e9sunis du Canada le livre | Boutique La Ruelle\",\"isPartOf\":{\"@id\":\"https:\/\/laruellefilms.com\/archives\/#website\"},\"primaryImageOfPage\":{\"@id\":\"https:\/\/laruellefilms.com\/archives\/product\/les-etats-desunis-du-canada-les-mouvements-separatistes-hors-quebec\/#primaryimage\"},\"image\":{\"@id\":\"https:\/\/laruellefilms.com\/archives\/product\/les-etats-desunis-du-canada-les-mouvements-separatistes-hors-quebec\/#primaryimage\"},\"thumbnailUrl\":\"https:\/\/laruellefilms.com\/archives\/wp-content\/uploads\/Livre_Les-Etats-Desunis-du-Canada.jpg\",\"datePublished\":\"2020-03-04T19:41:33+00:00\",\"dateModified\":\"2020-11-21T16:46:19+00:00\",\"description\":\"Trouvez le livre Les \u00c9tats-D\u00e9sunis du Canada - Les Mouvements s\u00e9paratistes hors Qu\u00e9bec de Guylaine Maroist et Mathieu-Robert Sauv\u00e9 \u00e0 la boutique La Ruelle.\",\"breadcrumb\":{\"@id\":\"https:\/\/laruellefilms.com\/archives\/product\/les-etats-desunis-du-canada-les-mouvements-separatistes-hors-quebec\/#breadcrumb\"},\"inLanguage\":\"fr-FR\",\"potentialAction\":[{\"@type\":\"ReadAction\",\"target\":[\"https:\/\/laruellefilms.com\/archives\/product\/les-etats-desunis-du-canada-les-mouvements-separatistes-hors-quebec\/\"]}]},{\"@type\":\"ImageObject\",\"inLanguage\":\"fr-FR\",\"@id\":\"https:\/\/laruellefilms.com\/archives\/product\/les-etats-desunis-du-canada-les-mouvements-separatistes-hors-quebec\/#primaryimage\",\"url\":\"https:\/\/laruellefilms.com\/archives\/wp-content\/uploads\/Livre_Les-Etats-Desunis-du-Canada.jpg\",\"contentUrl\":\"https:\/\/laruellefilms.com\/archives\/wp-content\/uploads\/Livre_Les-Etats-Desunis-du-Canada.jpg\",\"width\":790,\"height\":790,\"caption\":\"Les \u00c9tats-D\u00e9sunis du Canada\"},{\"@type\":\"BreadcrumbList\",\"@id\":\"https:\/\/laruellefilms.com\/archives\/product\/les-etats-desunis-du-canada-les-mouvements-separatistes-hors-quebec\/#breadcrumb\",\"itemListElement\":[{\"@type\":\"ListItem\",\"position\":1,\"name\":\"Home\",\"item\":\"https:\/\/laruellefilms.com\/archives\/\"},{\"@type\":\"ListItem\",\"position\":2,\"name\":\"Boutique\",\"item\":\"https:\/\/laruellefilms.com\/archives\/boutique\/\"},{\"@type\":\"ListItem\",\"position\":3,\"name\":\"Les \u00c9tats-D\u00e9sunis du Canada \u2013 Les Mouvements s\u00e9paratistes hors Qu\u00e9bec\"}]},{\"@type\":\"WebSite\",\"@id\":\"https:\/\/laruellefilms.com\/archives\/#website\",\"url\":\"https:\/\/laruellefilms.com\/archives\/\",\"name\":\"La Ruelle\",\"description\":\"\",\"publisher\":{\"@id\":\"https:\/\/laruellefilms.com\/archives\/#organization\"},\"potentialAction\":[{\"@type\":\"SearchAction\",\"target\":{\"@type\":\"EntryPoint\",\"urlTemplate\":\"https:\/\/laruellefilms.com\/archives\/?s={search_term_string}\"},\"query-input\":{\"@type\":\"PropertyValueSpecification\",\"valueRequired\":true,\"valueName\":\"search_term_string\"}}],\"inLanguage\":\"fr-FR\"},{\"@type\":\"Organization\",\"@id\":\"https:\/\/laruellefilms.com\/archives\/#organization\",\"name\":\"La Ruelle Films\",\"url\":\"https:\/\/laruellefilms.com\/archives\/\",\"logo\":{\"@type\":\"ImageObject\",\"inLanguage\":\"fr-FR\",\"@id\":\"https:\/\/laruellefilms.com\/archives\/#\/schema\/logo\/image\/\",\"url\":\"https:\/\/laruellefilms.com\/archives\/wp-content\/uploads\/Logo_LA_RUELLE_SEUL_NOIRFilm-1.png\",\"contentUrl\":\"https:\/\/laruellefilms.com\/archives\/wp-content\/uploads\/Logo_LA_RUELLE_SEUL_NOIRFilm-1.png\",\"width\":6480,\"height\":2772,\"caption\":\"La Ruelle Films\"},\"image\":{\"@id\":\"https:\/\/laruellefilms.com\/archives\/#\/schema\/logo\/image\/\"},\"sameAs\":[\"https:\/\/www.facebook.com\/laruellefilms\",\"https:\/\/www.youtube.com\/user\/productiondelaruelle\"]}]}<\/script>\n<!-- \/ Yoast SEO plugin. -->","yoast_head_json":{"title":"Achetez Les \u00c9tats-D\u00e9sunis du Canada le livre | Boutique La Ruelle","description":"Trouvez le livre Les \u00c9tats-D\u00e9sunis du Canada - Les Mouvements s\u00e9paratistes hors Qu\u00e9bec de Guylaine Maroist et Mathieu-Robert Sauv\u00e9 \u00e0 la boutique La Ruelle.","robots":{"index":"index","follow":"follow","max-snippet":"max-snippet:-1","max-image-preview":"max-image-preview:large","max-video-preview":"max-video-preview:-1"},"canonical":"https:\/\/laruellefilms.com\/archives\/product\/les-etats-desunis-du-canada-les-mouvements-separatistes-hors-quebec\/","og_locale":"fr_FR","og_type":"article","og_title":"Achetez Les \u00c9tats-D\u00e9sunis du Canada le livre | Boutique La Ruelle","og_description":"Trouvez le livre Les \u00c9tats-D\u00e9sunis du Canada - Les Mouvements s\u00e9paratistes hors Qu\u00e9bec de Guylaine Maroist et Mathieu-Robert Sauv\u00e9 \u00e0 la boutique La Ruelle.","og_url":"https:\/\/laruellefilms.com\/archives\/product\/les-etats-desunis-du-canada-les-mouvements-separatistes-hors-quebec\/","og_site_name":"La Ruelle","article_publisher":"https:\/\/www.facebook.com\/laruellefilms","article_modified_time":"2020-11-21T16:46:19+00:00","og_image":[{"width":790,"height":790,"url":"https:\/\/laruellefilms.com\/archives\/wp-content\/uploads\/Livre_Les-Etats-Desunis-du-Canada.jpg","type":"image\/jpeg"}],"twitter_card":"summary_large_image","schema":{"@context":"https:\/\/schema.org","@graph":[{"@type":"WebPage","@id":"https:\/\/laruellefilms.com\/archives\/product\/les-etats-desunis-du-canada-les-mouvements-separatistes-hors-quebec\/","url":"https:\/\/laruellefilms.com\/archives\/product\/les-etats-desunis-du-canada-les-mouvements-separatistes-hors-quebec\/","name":"Achetez Les \u00c9tats-D\u00e9sunis du Canada le livre | Boutique La Ruelle","isPartOf":{"@id":"https:\/\/laruellefilms.com\/archives\/#website"},"primaryImageOfPage":{"@id":"https:\/\/laruellefilms.com\/archives\/product\/les-etats-desunis-du-canada-les-mouvements-separatistes-hors-quebec\/#primaryimage"},"image":{"@id":"https:\/\/laruellefilms.com\/archives\/product\/les-etats-desunis-du-canada-les-mouvements-separatistes-hors-quebec\/#primaryimage"},"thumbnailUrl":"https:\/\/laruellefilms.com\/archives\/wp-content\/uploads\/Livre_Les-Etats-Desunis-du-Canada.jpg","datePublished":"2020-03-04T19:41:33+00:00","dateModified":"2020-11-21T16:46:19+00:00","description":"Trouvez le livre Les \u00c9tats-D\u00e9sunis du Canada - Les Mouvements s\u00e9paratistes hors Qu\u00e9bec de Guylaine Maroist et Mathieu-Robert Sauv\u00e9 \u00e0 la boutique La Ruelle.","breadcrumb":{"@id":"https:\/\/laruellefilms.com\/archives\/product\/les-etats-desunis-du-canada-les-mouvements-separatistes-hors-quebec\/#breadcrumb"},"inLanguage":"fr-FR","potentialAction":[{"@type":"ReadAction","target":["https:\/\/laruellefilms.com\/archives\/product\/les-etats-desunis-du-canada-les-mouvements-separatistes-hors-quebec\/"]}]},{"@type":"ImageObject","inLanguage":"fr-FR","@id":"https:\/\/laruellefilms.com\/archives\/product\/les-etats-desunis-du-canada-les-mouvements-separatistes-hors-quebec\/#primaryimage","url":"https:\/\/laruellefilms.com\/archives\/wp-content\/uploads\/Livre_Les-Etats-Desunis-du-Canada.jpg","contentUrl":"https:\/\/laruellefilms.com\/archives\/wp-content\/uploads\/Livre_Les-Etats-Desunis-du-Canada.jpg","width":790,"height":790,"caption":"Les \u00c9tats-D\u00e9sunis du Canada"},{"@type":"BreadcrumbList","@id":"https:\/\/laruellefilms.com\/archives\/product\/les-etats-desunis-du-canada-les-mouvements-separatistes-hors-quebec\/#breadcrumb","itemListElement":[{"@type":"ListItem","position":1,"name":"Home","item":"https:\/\/laruellefilms.com\/archives\/"},{"@type":"ListItem","position":2,"name":"Boutique","item":"https:\/\/laruellefilms.com\/archives\/boutique\/"},{"@type":"ListItem","position":3,"name":"Les \u00c9tats-D\u00e9sunis du Canada \u2013 Les Mouvements s\u00e9paratistes hors Qu\u00e9bec"}]},{"@type":"WebSite","@id":"https:\/\/laruellefilms.com\/archives\/#website","url":"https:\/\/laruellefilms.com\/archives\/","name":"La Ruelle","description":"","publisher":{"@id":"https:\/\/laruellefilms.com\/archives\/#organization"},"potentialAction":[{"@type":"SearchAction","target":{"@type":"EntryPoint","urlTemplate":"https:\/\/laruellefilms.com\/archives\/?s={search_term_string}"},"query-input":{"@type":"PropertyValueSpecification","valueRequired":true,"valueName":"search_term_string"}}],"inLanguage":"fr-FR"},{"@type":"Organization","@id":"https:\/\/laruellefilms.com\/archives\/#organization","name":"La Ruelle Films","url":"https:\/\/laruellefilms.com\/archives\/","logo":{"@type":"ImageObject","inLanguage":"fr-FR","@id":"https:\/\/laruellefilms.com\/archives\/#\/schema\/logo\/image\/","url":"https:\/\/laruellefilms.com\/archives\/wp-content\/uploads\/Logo_LA_RUELLE_SEUL_NOIRFilm-1.png","contentUrl":"https:\/\/laruellefilms.com\/archives\/wp-content\/uploads\/Logo_LA_RUELLE_SEUL_NOIRFilm-1.png","width":6480,"height":2772,"caption":"La Ruelle Films"},"image":{"@id":"https:\/\/laruellefilms.com\/archives\/#\/schema\/logo\/image\/"},"sameAs":["https:\/\/www.facebook.com\/laruellefilms","https:\/\/www.youtube.com\/user\/productiondelaruelle"]}]}},"_links":{"self":[{"href":"https:\/\/laruellefilms.com\/archives\/wp-json\/wp\/v2\/product\/3046","targetHints":{"allow":["GET"]}}],"collection":[{"href":"https:\/\/laruellefilms.com\/archives\/wp-json\/wp\/v2\/product"}],"about":[{"href":"https:\/\/laruellefilms.com\/archives\/wp-json\/wp\/v2\/types\/product"}],"version-history":[{"count":1,"href":"https:\/\/laruellefilms.com\/archives\/wp-json\/wp\/v2\/product\/3046\/revisions"}],"predecessor-version":[{"id":4022,"href":"https:\/\/laruellefilms.com\/archives\/wp-json\/wp\/v2\/product\/3046\/revisions\/4022"}],"wp:featuredmedia":[{"embeddable":true,"href":"https:\/\/laruellefilms.com\/archives\/wp-json\/wp\/v2\/media\/3047"}],"wp:attachment":[{"href":"https:\/\/laruellefilms.com\/archives\/wp-json\/wp\/v2\/media?parent=3046"}],"wp:term":[{"taxonomy":"product_brand","embeddable":true,"href":"https:\/\/laruellefilms.com\/archives\/wp-json\/wp\/v2\/product_brand?post=3046"},{"taxonomy":"product_cat","embeddable":true,"href":"https:\/\/laruellefilms.com\/archives\/wp-json\/wp\/v2\/product_cat?post=3046"},{"taxonomy":"product_tag","embeddable":true,"href":"https:\/\/laruellefilms.com\/archives\/wp-json\/wp\/v2\/product_tag?post=3046"}],"curies":[{"name":"wp","href":"https:\/\/api.w.org\/{rel}","templated":true}]}}