{"id":3055,"date":"2020-03-04T19:53:20","date_gmt":"2020-03-04T19:53:20","guid":{"rendered":"https:\/\/productionsdelaruelle.ca\/archives\/?post_type=product&#038;p=3055"},"modified":"2024-10-15T21:07:58","modified_gmt":"2024-10-15T21:07:58","slug":"bombes-a-retardement","status":"publish","type":"product","link":"https:\/\/laruellefilms.com\/archives\/product\/bombes-a-retardement\/","title":{"rendered":"Bombes \u00e0 retardement [DVD]"},"content":{"rendered":"\t\t<div data-elementor-type=\"product-post\" data-elementor-id=\"3055\" class=\"elementor elementor-3055\" data-elementor-post-type=\"product\">\n\t\t\t\t\t\t<section class=\"elementor-section elementor-top-section elementor-element elementor-element-0199b43 elementor-section-boxed elementor-section-height-default elementor-section-height-default\" data-id=\"0199b43\" data-element_type=\"section\" data-e-type=\"section\">\n\t\t\t\t\t\t<div class=\"elementor-container elementor-column-gap-default\">\n\t\t\t\t\t<div class=\"elementor-column elementor-col-100 elementor-top-column elementor-element elementor-element-5a7df22\" data-id=\"5a7df22\" data-element_type=\"column\" data-e-type=\"column\">\n\t\t\t<div class=\"elementor-widget-wrap elementor-element-populated\">\n\t\t\t\t\t\t<div class=\"elementor-element elementor-element-3a8df9e elementor-widget elementor-widget-button\" data-id=\"3a8df9e\" data-element_type=\"widget\" data-e-type=\"widget\" data-widget_type=\"button.default\">\n\t\t\t\t<div class=\"elementor-widget-container\">\n\t\t\t\t\t\t\t\t\t<div class=\"elementor-button-wrapper\">\n\t\t\t\t\t<a class=\"elementor-button elementor-button-link elementor-size-sm\" href=\"https:\/\/vimeo.com\/ondemand\/bombesaretardement\" target=\"_blank\">\n\t\t\t\t\t\t<span class=\"elementor-button-content-wrapper\">\n\t\t\t\t\t\t<span class=\"elementor-button-icon\">\n\t\t\t\t<i aria-hidden=\"true\" class=\"fab fa-vimeo-v\"><\/i>\t\t\t<\/span>\n\t\t\t\t\t\t\t\t\t<span class=\"elementor-button-text\">Visionnez-le maintenant<\/span>\n\t\t\t\t\t<\/span>\n\t\t\t\t\t<\/a>\n\t\t\t\t<\/div>\n\t\t\t\t\t\t\t\t<\/div>\n\t\t\t\t<\/div>\n\t\t\t\t<div class=\"elementor-element elementor-element-6e37897 elementor-widget elementor-widget-video\" data-id=\"6e37897\" data-element_type=\"widget\" data-e-type=\"widget\" data-settings=\"{&quot;video_type&quot;:&quot;vimeo&quot;}\" data-widget_type=\"video.default\">\n\t\t\t\t<div class=\"elementor-widget-container\">\n\t\t\t\t\t\t\t<div class=\"elementor-wrapper elementor-open-inline\">\n\t\t\t<iframe class=\"elementor-video-iframe\" allowfullscreen allow=\"clipboard-write\" title=\"Lecteur vid\u00e9o vimeo\" src=\"https:\/\/player.vimeo.com\/video\/148563992?color&amp;autopause=0&amp;loop=0&amp;muted=0&amp;title=1&amp;portrait=1&amp;byline=1#t=\"><\/iframe>\t\t<\/div>\n\t\t\t\t\t\t<\/div>\n\t\t\t\t<\/div>\n\t\t\t\t\t<\/div>\n\t\t<\/div>\n\t\t\t\t\t<\/div>\n\t\t<\/section>\n\t\t\t\t<\/div>\n\t\t","protected":false},"excerpt":{"rendered":"<h6>Un film de Guylaine Maroist et Eric Ruel<br \/>\nVersion fran\u00e7aise<br \/>\nLong-m\u00e9trage documentaire de 46 minutes<\/h6>\n<h6><a href=\"https:\/\/productionsdelaruelle.ca\/archives\/production\/bombes-a-retardement\/\">Voir la page du film<\/a><\/h6>\n[embed]https:\/\/youtu.be\/KS8LQE8GxVE?si=eMe6IjD1ZW9agtgP[\/embed]\n","protected":false},"featured_media":3007,"template":"","meta":[],"product_brand":[],"product_cat":[65],"product_tag":[346,352],"class_list":{"0":"post-3055","1":"product","2":"type-product","3":"status-publish","4":"has-post-thumbnail","6":"product_cat-film_fr","7":"product_tag-bombes-a-retardement-en-fr","8":"product_tag-time-bombs-en-fr","9":"product_shipping_class-paquet-1film-fr","11":"first","12":"instock","13":"taxable","14":"shipping-taxable","15":"purchasable","16":"product-type-simple"},"yoast_head":"<!-- This site is optimized with the Yoast SEO plugin v27.2 - https:\/\/yoast.com\/product\/yoast-seo-wordpress\/ -->\n<title>Achetez Bombes \u00e0 retardement [DVD] sur DVD | Boutique La Ruelle<\/title>\n<meta name=\"description\" content=\"Bombes \u00e0 retardement est maintenant disponible sur DVD! Vous pouvez \u00e9galement le visionner ou le t\u00e9l\u00e9charger en ligne sur Vimeo sur demande. D\u00e9tails ici.\" \/>\n<meta name=\"robots\" content=\"index, follow, max-snippet:-1, max-image-preview:large, max-video-preview:-1\" \/>\n<link rel=\"canonical\" href=\"https:\/\/laruellefilms.com\/archives\/product\/bombes-a-retardement\/\" \/>\n<meta property=\"og:locale\" content=\"fr_FR\" \/>\n<meta property=\"og:type\" content=\"article\" \/>\n<meta property=\"og:title\" content=\"Achetez Bombes \u00e0 retardement [DVD] sur DVD | Boutique La Ruelle\" \/>\n<meta property=\"og:description\" content=\"Bombes \u00e0 retardement est maintenant disponible sur DVD! Vous pouvez \u00e9galement le visionner ou le t\u00e9l\u00e9charger en ligne sur Vimeo sur demande. D\u00e9tails ici.\" \/>\n<meta property=\"og:url\" content=\"https:\/\/laruellefilms.com\/archives\/product\/bombes-a-retardement\/\" \/>\n<meta property=\"og:site_name\" content=\"La Ruelle\" \/>\n<meta property=\"article:publisher\" content=\"https:\/\/www.facebook.com\/laruellefilms\" \/>\n<meta property=\"article:modified_time\" content=\"2024-10-15T21:07:58+00:00\" \/>\n<meta property=\"og:image\" content=\"https:\/\/laruellefilms.com\/archives\/wp-content\/uploads\/DVD_Bombes-a-retardement-1.jpg\" \/>\n\t<meta property=\"og:image:width\" content=\"606\" \/>\n\t<meta property=\"og:image:height\" content=\"661\" \/>\n\t<meta property=\"og:image:type\" content=\"image\/jpeg\" \/>\n<meta name=\"twitter:card\" content=\"summary_large_image\" \/>\n<meta name=\"twitter:label1\" content=\"Dur\u00e9e de lecture estim\u00e9e\" \/>\n\t<meta name=\"twitter:data1\" content=\"1 minute\" \/>\n<script type=\"application\/ld+json\" class=\"yoast-schema-graph\">{\"@context\":\"https:\/\/schema.org\",\"@graph\":[{\"@type\":\"WebPage\",\"@id\":\"https:\/\/laruellefilms.com\/archives\/product\/bombes-a-retardement\/\",\"url\":\"https:\/\/laruellefilms.com\/archives\/product\/bombes-a-retardement\/\",\"name\":\"Achetez Bombes \u00e0 retardement [DVD] sur DVD | Boutique La Ruelle\",\"isPartOf\":{\"@id\":\"https:\/\/laruellefilms.com\/archives\/#website\"},\"primaryImageOfPage\":{\"@id\":\"https:\/\/laruellefilms.com\/archives\/product\/bombes-a-retardement\/#primaryimage\"},\"image\":{\"@id\":\"https:\/\/laruellefilms.com\/archives\/product\/bombes-a-retardement\/#primaryimage\"},\"thumbnailUrl\":\"https:\/\/laruellefilms.com\/archives\/wp-content\/uploads\/DVD_Bombes-a-retardement-1.jpg\",\"datePublished\":\"2020-03-04T19:53:20+00:00\",\"dateModified\":\"2024-10-15T21:07:58+00:00\",\"description\":\"Bombes \u00e0 retardement est maintenant disponible sur DVD! Vous pouvez \u00e9galement le visionner ou le t\u00e9l\u00e9charger en ligne sur Vimeo sur demande. D\u00e9tails ici.\",\"breadcrumb\":{\"@id\":\"https:\/\/laruellefilms.com\/archives\/product\/bombes-a-retardement\/#breadcrumb\"},\"inLanguage\":\"fr-FR\",\"potentialAction\":[{\"@type\":\"ReadAction\",\"target\":[\"https:\/\/laruellefilms.com\/archives\/product\/bombes-a-retardement\/\"]}]},{\"@type\":\"ImageObject\",\"inLanguage\":\"fr-FR\",\"@id\":\"https:\/\/laruellefilms.com\/archives\/product\/bombes-a-retardement\/#primaryimage\",\"url\":\"https:\/\/laruellefilms.com\/archives\/wp-content\/uploads\/DVD_Bombes-a-retardement-1.jpg\",\"contentUrl\":\"https:\/\/laruellefilms.com\/archives\/wp-content\/uploads\/DVD_Bombes-a-retardement-1.jpg\",\"width\":606,\"height\":661,\"caption\":\"Bombes \u00e0 retardement \/ Time Bombs en DVD\"},{\"@type\":\"BreadcrumbList\",\"@id\":\"https:\/\/laruellefilms.com\/archives\/product\/bombes-a-retardement\/#breadcrumb\",\"itemListElement\":[{\"@type\":\"ListItem\",\"position\":1,\"name\":\"Home\",\"item\":\"https:\/\/laruellefilms.com\/archives\/\"},{\"@type\":\"ListItem\",\"position\":2,\"name\":\"Boutique\",\"item\":\"https:\/\/laruellefilms.com\/archives\/boutique\/\"},{\"@type\":\"ListItem\",\"position\":3,\"name\":\"Bombes \u00e0 retardement [DVD]\"}]},{\"@type\":\"WebSite\",\"@id\":\"https:\/\/laruellefilms.com\/archives\/#website\",\"url\":\"https:\/\/laruellefilms.com\/archives\/\",\"name\":\"La Ruelle\",\"description\":\"\",\"publisher\":{\"@id\":\"https:\/\/laruellefilms.com\/archives\/#organization\"},\"potentialAction\":[{\"@type\":\"SearchAction\",\"target\":{\"@type\":\"EntryPoint\",\"urlTemplate\":\"https:\/\/laruellefilms.com\/archives\/?s={search_term_string}\"},\"query-input\":{\"@type\":\"PropertyValueSpecification\",\"valueRequired\":true,\"valueName\":\"search_term_string\"}}],\"inLanguage\":\"fr-FR\"},{\"@type\":\"Organization\",\"@id\":\"https:\/\/laruellefilms.com\/archives\/#organization\",\"name\":\"La Ruelle Films\",\"url\":\"https:\/\/laruellefilms.com\/archives\/\",\"logo\":{\"@type\":\"ImageObject\",\"inLanguage\":\"fr-FR\",\"@id\":\"https:\/\/laruellefilms.com\/archives\/#\/schema\/logo\/image\/\",\"url\":\"https:\/\/laruellefilms.com\/archives\/wp-content\/uploads\/Logo_LA_RUELLE_SEUL_NOIRFilm-1.png\",\"contentUrl\":\"https:\/\/laruellefilms.com\/archives\/wp-content\/uploads\/Logo_LA_RUELLE_SEUL_NOIRFilm-1.png\",\"width\":6480,\"height\":2772,\"caption\":\"La Ruelle Films\"},\"image\":{\"@id\":\"https:\/\/laruellefilms.com\/archives\/#\/schema\/logo\/image\/\"},\"sameAs\":[\"https:\/\/www.facebook.com\/laruellefilms\",\"https:\/\/www.youtube.com\/user\/productiondelaruelle\"]}]}<\/script>\n<!-- \/ Yoast SEO plugin. -->","yoast_head_json":{"title":"Achetez Bombes \u00e0 retardement [DVD] sur DVD | Boutique La Ruelle","description":"Bombes \u00e0 retardement est maintenant disponible sur DVD! Vous pouvez \u00e9galement le visionner ou le t\u00e9l\u00e9charger en ligne sur Vimeo sur demande. D\u00e9tails ici.","robots":{"index":"index","follow":"follow","max-snippet":"max-snippet:-1","max-image-preview":"max-image-preview:large","max-video-preview":"max-video-preview:-1"},"canonical":"https:\/\/laruellefilms.com\/archives\/product\/bombes-a-retardement\/","og_locale":"fr_FR","og_type":"article","og_title":"Achetez Bombes \u00e0 retardement [DVD] sur DVD | Boutique La Ruelle","og_description":"Bombes \u00e0 retardement est maintenant disponible sur DVD! Vous pouvez \u00e9galement le visionner ou le t\u00e9l\u00e9charger en ligne sur Vimeo sur demande. D\u00e9tails ici.","og_url":"https:\/\/laruellefilms.com\/archives\/product\/bombes-a-retardement\/","og_site_name":"La Ruelle","article_publisher":"https:\/\/www.facebook.com\/laruellefilms","article_modified_time":"2024-10-15T21:07:58+00:00","og_image":[{"width":606,"height":661,"url":"https:\/\/laruellefilms.com\/archives\/wp-content\/uploads\/DVD_Bombes-a-retardement-1.jpg","type":"image\/jpeg"}],"twitter_card":"summary_large_image","twitter_misc":{"Dur\u00e9e de lecture estim\u00e9e":"1 minute"},"schema":{"@context":"https:\/\/schema.org","@graph":[{"@type":"WebPage","@id":"https:\/\/laruellefilms.com\/archives\/product\/bombes-a-retardement\/","url":"https:\/\/laruellefilms.com\/archives\/product\/bombes-a-retardement\/","name":"Achetez Bombes \u00e0 retardement [DVD] sur DVD | Boutique La Ruelle","isPartOf":{"@id":"https:\/\/laruellefilms.com\/archives\/#website"},"primaryImageOfPage":{"@id":"https:\/\/laruellefilms.com\/archives\/product\/bombes-a-retardement\/#primaryimage"},"image":{"@id":"https:\/\/laruellefilms.com\/archives\/product\/bombes-a-retardement\/#primaryimage"},"thumbnailUrl":"https:\/\/laruellefilms.com\/archives\/wp-content\/uploads\/DVD_Bombes-a-retardement-1.jpg","datePublished":"2020-03-04T19:53:20+00:00","dateModified":"2024-10-15T21:07:58+00:00","description":"Bombes \u00e0 retardement est maintenant disponible sur DVD! Vous pouvez \u00e9galement le visionner ou le t\u00e9l\u00e9charger en ligne sur Vimeo sur demande. D\u00e9tails ici.","breadcrumb":{"@id":"https:\/\/laruellefilms.com\/archives\/product\/bombes-a-retardement\/#breadcrumb"},"inLanguage":"fr-FR","potentialAction":[{"@type":"ReadAction","target":["https:\/\/laruellefilms.com\/archives\/product\/bombes-a-retardement\/"]}]},{"@type":"ImageObject","inLanguage":"fr-FR","@id":"https:\/\/laruellefilms.com\/archives\/product\/bombes-a-retardement\/#primaryimage","url":"https:\/\/laruellefilms.com\/archives\/wp-content\/uploads\/DVD_Bombes-a-retardement-1.jpg","contentUrl":"https:\/\/laruellefilms.com\/archives\/wp-content\/uploads\/DVD_Bombes-a-retardement-1.jpg","width":606,"height":661,"caption":"Bombes \u00e0 retardement \/ Time Bombs en DVD"},{"@type":"BreadcrumbList","@id":"https:\/\/laruellefilms.com\/archives\/product\/bombes-a-retardement\/#breadcrumb","itemListElement":[{"@type":"ListItem","position":1,"name":"Home","item":"https:\/\/laruellefilms.com\/archives\/"},{"@type":"ListItem","position":2,"name":"Boutique","item":"https:\/\/laruellefilms.com\/archives\/boutique\/"},{"@type":"ListItem","position":3,"name":"Bombes \u00e0 retardement [DVD]"}]},{"@type":"WebSite","@id":"https:\/\/laruellefilms.com\/archives\/#website","url":"https:\/\/laruellefilms.com\/archives\/","name":"La Ruelle","description":"","publisher":{"@id":"https:\/\/laruellefilms.com\/archives\/#organization"},"potentialAction":[{"@type":"SearchAction","target":{"@type":"EntryPoint","urlTemplate":"https:\/\/laruellefilms.com\/archives\/?s={search_term_string}"},"query-input":{"@type":"PropertyValueSpecification","valueRequired":true,"valueName":"search_term_string"}}],"inLanguage":"fr-FR"},{"@type":"Organization","@id":"https:\/\/laruellefilms.com\/archives\/#organization","name":"La Ruelle Films","url":"https:\/\/laruellefilms.com\/archives\/","logo":{"@type":"ImageObject","inLanguage":"fr-FR","@id":"https:\/\/laruellefilms.com\/archives\/#\/schema\/logo\/image\/","url":"https:\/\/laruellefilms.com\/archives\/wp-content\/uploads\/Logo_LA_RUELLE_SEUL_NOIRFilm-1.png","contentUrl":"https:\/\/laruellefilms.com\/archives\/wp-content\/uploads\/Logo_LA_RUELLE_SEUL_NOIRFilm-1.png","width":6480,"height":2772,"caption":"La Ruelle Films"},"image":{"@id":"https:\/\/laruellefilms.com\/archives\/#\/schema\/logo\/image\/"},"sameAs":["https:\/\/www.facebook.com\/laruellefilms","https:\/\/www.youtube.com\/user\/productiondelaruelle"]}]}},"_links":{"self":[{"href":"https:\/\/laruellefilms.com\/archives\/wp-json\/wp\/v2\/product\/3055","targetHints":{"allow":["GET"]}}],"collection":[{"href":"https:\/\/laruellefilms.com\/archives\/wp-json\/wp\/v2\/product"}],"about":[{"href":"https:\/\/laruellefilms.com\/archives\/wp-json\/wp\/v2\/types\/product"}],"version-history":[{"count":14,"href":"https:\/\/laruellefilms.com\/archives\/wp-json\/wp\/v2\/product\/3055\/revisions"}],"predecessor-version":[{"id":10264,"href":"https:\/\/laruellefilms.com\/archives\/wp-json\/wp\/v2\/product\/3055\/revisions\/10264"}],"wp:featuredmedia":[{"embeddable":true,"href":"https:\/\/laruellefilms.com\/archives\/wp-json\/wp\/v2\/media\/3007"}],"wp:attachment":[{"href":"https:\/\/laruellefilms.com\/archives\/wp-json\/wp\/v2\/media?parent=3055"}],"wp:term":[{"taxonomy":"product_brand","embeddable":true,"href":"https:\/\/laruellefilms.com\/archives\/wp-json\/wp\/v2\/product_brand?post=3055"},{"taxonomy":"product_cat","embeddable":true,"href":"https:\/\/laruellefilms.com\/archives\/wp-json\/wp\/v2\/product_cat?post=3055"},{"taxonomy":"product_tag","embeddable":true,"href":"https:\/\/laruellefilms.com\/archives\/wp-json\/wp\/v2\/product_tag?post=3055"}],"curies":[{"name":"wp","href":"https:\/\/api.w.org\/{rel}","templated":true}]}}