{"id":4653,"date":"2020-03-26T15:16:27","date_gmt":"2020-03-26T15:16:27","guid":{"rendered":"https:\/\/productionsdelaruelle.ca\/archives\/?post_type=product&#038;p=4653"},"modified":"2024-10-15T21:06:08","modified_gmt":"2024-10-15T21:06:08","slug":"combo-les-etats-desunis-du-canada-livre-dvd","status":"publish","type":"product","link":"https:\/\/laruellefilms.com\/archives\/product\/combo-les-etats-desunis-du-canada-livre-dvd\/","title":{"rendered":"Combo Les \u00c9tats-D\u00e9sunis du Canada [Livre + DVD]"},"content":{"rendered":"","protected":false},"excerpt":{"rendered":"<h6><strong>Un film de Guylaine Maroist, Michel Barbeau et Eric Ruel<\/strong><br \/>\nVersion fran\u00e7aise\/English version<br \/>\nLong-m\u00e9trage documentaire de 84 minutes<\/h6>\n<p>&nbsp;<\/p>\n<h6><strong>Un livre sign\u00e9 Guylaine Maroist et Mathieu-Robert Sauv\u00e9<\/strong><\/h6>\n<h6>Les \u00c9tats-D\u00e9sunis du Canada part \u00e0 la rencontre de ces enfants terribles qui veulent redessiner les fronti\u00e8res de la Conf\u00e9d\u00e9ration canadienne. Ces hommes et ces femmes nous font r\u00e9fl\u00e9chir sur des questions fondamentales. Qu\u2019est-ce qu\u2019un pays ? Qu\u2019est-ce qu\u2019une nation ? And what about Quebec ?<\/h6>\n<p>&nbsp;<\/p>\n<h6><a style=\"font-size: 10.72px;\" href=\"https:\/\/productionsdelaruelle.ca\/archives\/production\/les-etats-desunis-du-canada\/\">Voir la page du film<\/a><\/h6>\n[embed]https:\/\/youtu.be\/lY0UVzB2Guo?si=UP2OYmYEB70wo6Wv[\/embed]\n","protected":false},"featured_media":6494,"template":"","meta":[],"product_brand":[],"product_cat":[65,67],"product_tag":[295],"class_list":{"0":"post-4653","1":"product","2":"type-product","3":"status-publish","4":"has-post-thumbnail","6":"product_cat-film_fr","7":"product_cat-livre","8":"product_tag-disunited-states-of-canada-fr","9":"product_shipping_class-paquet-livre-fr","11":"first","12":"instock","13":"taxable","14":"shipping-taxable","15":"purchasable","16":"product-type-simple"},"yoast_head":"<!-- This site is optimized with the Yoast SEO plugin v27.2 - https:\/\/yoast.com\/product\/yoast-seo-wordpress\/ -->\n<title>Achetez le combo Les \u00c9tats-D\u00e9sunis du Canada | Livre + DVD<\/title>\n<meta name=\"description\" content=\"\u00c9conomisez aujourd\u2019hui avec notre combo Les \u00c9tats-D\u00e9sunis du Canada. DVD + Livre inspir\u00e9 du film de Guylaine Maroist et Eric Ruel.\" \/>\n<meta name=\"robots\" content=\"index, follow, max-snippet:-1, max-image-preview:large, max-video-preview:-1\" \/>\n<link rel=\"canonical\" href=\"https:\/\/laruellefilms.com\/archives\/product\/combo-les-etats-desunis-du-canada-livre-dvd\/\" \/>\n<meta property=\"og:locale\" content=\"fr_FR\" \/>\n<meta property=\"og:type\" content=\"article\" \/>\n<meta property=\"og:title\" content=\"Achetez le combo Les \u00c9tats-D\u00e9sunis du Canada | Livre + DVD\" \/>\n<meta property=\"og:description\" content=\"\u00c9conomisez aujourd\u2019hui avec notre combo Les \u00c9tats-D\u00e9sunis du Canada. DVD + Livre inspir\u00e9 du film de Guylaine Maroist et Eric Ruel.\" \/>\n<meta property=\"og:url\" content=\"https:\/\/laruellefilms.com\/archives\/product\/combo-les-etats-desunis-du-canada-livre-dvd\/\" \/>\n<meta property=\"og:site_name\" content=\"La Ruelle\" \/>\n<meta property=\"article:publisher\" content=\"https:\/\/www.facebook.com\/laruellefilms\" \/>\n<meta property=\"article:modified_time\" content=\"2024-10-15T21:06:08+00:00\" \/>\n<meta property=\"og:image\" content=\"https:\/\/laruellefilms.com\/archives\/wp-content\/uploads\/Etats_Desunis_DVDLivre-2.jpg\" \/>\n\t<meta property=\"og:image:width\" content=\"606\" \/>\n\t<meta property=\"og:image:height\" content=\"661\" \/>\n\t<meta property=\"og:image:type\" content=\"image\/jpeg\" \/>\n<meta name=\"twitter:card\" content=\"summary_large_image\" \/>\n<meta name=\"twitter:label1\" content=\"Dur\u00e9e de lecture estim\u00e9e\" \/>\n\t<meta name=\"twitter:data1\" content=\"1 minute\" \/>\n<script type=\"application\/ld+json\" class=\"yoast-schema-graph\">{\"@context\":\"https:\/\/schema.org\",\"@graph\":[{\"@type\":\"WebPage\",\"@id\":\"https:\/\/laruellefilms.com\/archives\/product\/combo-les-etats-desunis-du-canada-livre-dvd\/\",\"url\":\"https:\/\/laruellefilms.com\/archives\/product\/combo-les-etats-desunis-du-canada-livre-dvd\/\",\"name\":\"Achetez le combo Les \u00c9tats-D\u00e9sunis du Canada | Livre + DVD\",\"isPartOf\":{\"@id\":\"https:\/\/laruellefilms.com\/archives\/#website\"},\"primaryImageOfPage\":{\"@id\":\"https:\/\/laruellefilms.com\/archives\/product\/combo-les-etats-desunis-du-canada-livre-dvd\/#primaryimage\"},\"image\":{\"@id\":\"https:\/\/laruellefilms.com\/archives\/product\/combo-les-etats-desunis-du-canada-livre-dvd\/#primaryimage\"},\"thumbnailUrl\":\"https:\/\/laruellefilms.com\/archives\/wp-content\/uploads\/Etats_Desunis_DVDLivre-2.jpg\",\"datePublished\":\"2020-03-26T15:16:27+00:00\",\"dateModified\":\"2024-10-15T21:06:08+00:00\",\"description\":\"\u00c9conomisez aujourd\u2019hui avec notre combo Les \u00c9tats-D\u00e9sunis du Canada. DVD + Livre inspir\u00e9 du film de Guylaine Maroist et Eric Ruel.\",\"breadcrumb\":{\"@id\":\"https:\/\/laruellefilms.com\/archives\/product\/combo-les-etats-desunis-du-canada-livre-dvd\/#breadcrumb\"},\"inLanguage\":\"fr-FR\",\"potentialAction\":[{\"@type\":\"ReadAction\",\"target\":[\"https:\/\/laruellefilms.com\/archives\/product\/combo-les-etats-desunis-du-canada-livre-dvd\/\"]}]},{\"@type\":\"ImageObject\",\"inLanguage\":\"fr-FR\",\"@id\":\"https:\/\/laruellefilms.com\/archives\/product\/combo-les-etats-desunis-du-canada-livre-dvd\/#primaryimage\",\"url\":\"https:\/\/laruellefilms.com\/archives\/wp-content\/uploads\/Etats_Desunis_DVDLivre-2.jpg\",\"contentUrl\":\"https:\/\/laruellefilms.com\/archives\/wp-content\/uploads\/Etats_Desunis_DVDLivre-2.jpg\",\"width\":606,\"height\":661,\"caption\":\"Disunited States of Canada, book and DVD\"},{\"@type\":\"BreadcrumbList\",\"@id\":\"https:\/\/laruellefilms.com\/archives\/product\/combo-les-etats-desunis-du-canada-livre-dvd\/#breadcrumb\",\"itemListElement\":[{\"@type\":\"ListItem\",\"position\":1,\"name\":\"Home\",\"item\":\"https:\/\/laruellefilms.com\/archives\/\"},{\"@type\":\"ListItem\",\"position\":2,\"name\":\"Boutique\",\"item\":\"https:\/\/laruellefilms.com\/archives\/boutique\/\"},{\"@type\":\"ListItem\",\"position\":3,\"name\":\"Combo Les \u00c9tats-D\u00e9sunis du Canada [Livre + DVD]\"}]},{\"@type\":\"WebSite\",\"@id\":\"https:\/\/laruellefilms.com\/archives\/#website\",\"url\":\"https:\/\/laruellefilms.com\/archives\/\",\"name\":\"La Ruelle\",\"description\":\"\",\"publisher\":{\"@id\":\"https:\/\/laruellefilms.com\/archives\/#organization\"},\"potentialAction\":[{\"@type\":\"SearchAction\",\"target\":{\"@type\":\"EntryPoint\",\"urlTemplate\":\"https:\/\/laruellefilms.com\/archives\/?s={search_term_string}\"},\"query-input\":{\"@type\":\"PropertyValueSpecification\",\"valueRequired\":true,\"valueName\":\"search_term_string\"}}],\"inLanguage\":\"fr-FR\"},{\"@type\":\"Organization\",\"@id\":\"https:\/\/laruellefilms.com\/archives\/#organization\",\"name\":\"La Ruelle Films\",\"url\":\"https:\/\/laruellefilms.com\/archives\/\",\"logo\":{\"@type\":\"ImageObject\",\"inLanguage\":\"fr-FR\",\"@id\":\"https:\/\/laruellefilms.com\/archives\/#\/schema\/logo\/image\/\",\"url\":\"https:\/\/laruellefilms.com\/archives\/wp-content\/uploads\/Logo_LA_RUELLE_SEUL_NOIRFilm-1.png\",\"contentUrl\":\"https:\/\/laruellefilms.com\/archives\/wp-content\/uploads\/Logo_LA_RUELLE_SEUL_NOIRFilm-1.png\",\"width\":6480,\"height\":2772,\"caption\":\"La Ruelle Films\"},\"image\":{\"@id\":\"https:\/\/laruellefilms.com\/archives\/#\/schema\/logo\/image\/\"},\"sameAs\":[\"https:\/\/www.facebook.com\/laruellefilms\",\"https:\/\/www.youtube.com\/user\/productiondelaruelle\"]}]}<\/script>\n<!-- \/ Yoast SEO plugin. -->","yoast_head_json":{"title":"Achetez le combo Les \u00c9tats-D\u00e9sunis du Canada | Livre + DVD","description":"\u00c9conomisez aujourd\u2019hui avec notre combo Les \u00c9tats-D\u00e9sunis du Canada. DVD + Livre inspir\u00e9 du film de Guylaine Maroist et Eric Ruel.","robots":{"index":"index","follow":"follow","max-snippet":"max-snippet:-1","max-image-preview":"max-image-preview:large","max-video-preview":"max-video-preview:-1"},"canonical":"https:\/\/laruellefilms.com\/archives\/product\/combo-les-etats-desunis-du-canada-livre-dvd\/","og_locale":"fr_FR","og_type":"article","og_title":"Achetez le combo Les \u00c9tats-D\u00e9sunis du Canada | Livre + DVD","og_description":"\u00c9conomisez aujourd\u2019hui avec notre combo Les \u00c9tats-D\u00e9sunis du Canada. DVD + Livre inspir\u00e9 du film de Guylaine Maroist et Eric Ruel.","og_url":"https:\/\/laruellefilms.com\/archives\/product\/combo-les-etats-desunis-du-canada-livre-dvd\/","og_site_name":"La Ruelle","article_publisher":"https:\/\/www.facebook.com\/laruellefilms","article_modified_time":"2024-10-15T21:06:08+00:00","og_image":[{"width":606,"height":661,"url":"https:\/\/laruellefilms.com\/archives\/wp-content\/uploads\/Etats_Desunis_DVDLivre-2.jpg","type":"image\/jpeg"}],"twitter_card":"summary_large_image","twitter_misc":{"Dur\u00e9e de lecture estim\u00e9e":"1 minute"},"schema":{"@context":"https:\/\/schema.org","@graph":[{"@type":"WebPage","@id":"https:\/\/laruellefilms.com\/archives\/product\/combo-les-etats-desunis-du-canada-livre-dvd\/","url":"https:\/\/laruellefilms.com\/archives\/product\/combo-les-etats-desunis-du-canada-livre-dvd\/","name":"Achetez le combo Les \u00c9tats-D\u00e9sunis du Canada | Livre + DVD","isPartOf":{"@id":"https:\/\/laruellefilms.com\/archives\/#website"},"primaryImageOfPage":{"@id":"https:\/\/laruellefilms.com\/archives\/product\/combo-les-etats-desunis-du-canada-livre-dvd\/#primaryimage"},"image":{"@id":"https:\/\/laruellefilms.com\/archives\/product\/combo-les-etats-desunis-du-canada-livre-dvd\/#primaryimage"},"thumbnailUrl":"https:\/\/laruellefilms.com\/archives\/wp-content\/uploads\/Etats_Desunis_DVDLivre-2.jpg","datePublished":"2020-03-26T15:16:27+00:00","dateModified":"2024-10-15T21:06:08+00:00","description":"\u00c9conomisez aujourd\u2019hui avec notre combo Les \u00c9tats-D\u00e9sunis du Canada. DVD + Livre inspir\u00e9 du film de Guylaine Maroist et Eric Ruel.","breadcrumb":{"@id":"https:\/\/laruellefilms.com\/archives\/product\/combo-les-etats-desunis-du-canada-livre-dvd\/#breadcrumb"},"inLanguage":"fr-FR","potentialAction":[{"@type":"ReadAction","target":["https:\/\/laruellefilms.com\/archives\/product\/combo-les-etats-desunis-du-canada-livre-dvd\/"]}]},{"@type":"ImageObject","inLanguage":"fr-FR","@id":"https:\/\/laruellefilms.com\/archives\/product\/combo-les-etats-desunis-du-canada-livre-dvd\/#primaryimage","url":"https:\/\/laruellefilms.com\/archives\/wp-content\/uploads\/Etats_Desunis_DVDLivre-2.jpg","contentUrl":"https:\/\/laruellefilms.com\/archives\/wp-content\/uploads\/Etats_Desunis_DVDLivre-2.jpg","width":606,"height":661,"caption":"Disunited States of Canada, book and DVD"},{"@type":"BreadcrumbList","@id":"https:\/\/laruellefilms.com\/archives\/product\/combo-les-etats-desunis-du-canada-livre-dvd\/#breadcrumb","itemListElement":[{"@type":"ListItem","position":1,"name":"Home","item":"https:\/\/laruellefilms.com\/archives\/"},{"@type":"ListItem","position":2,"name":"Boutique","item":"https:\/\/laruellefilms.com\/archives\/boutique\/"},{"@type":"ListItem","position":3,"name":"Combo Les \u00c9tats-D\u00e9sunis du Canada [Livre + DVD]"}]},{"@type":"WebSite","@id":"https:\/\/laruellefilms.com\/archives\/#website","url":"https:\/\/laruellefilms.com\/archives\/","name":"La Ruelle","description":"","publisher":{"@id":"https:\/\/laruellefilms.com\/archives\/#organization"},"potentialAction":[{"@type":"SearchAction","target":{"@type":"EntryPoint","urlTemplate":"https:\/\/laruellefilms.com\/archives\/?s={search_term_string}"},"query-input":{"@type":"PropertyValueSpecification","valueRequired":true,"valueName":"search_term_string"}}],"inLanguage":"fr-FR"},{"@type":"Organization","@id":"https:\/\/laruellefilms.com\/archives\/#organization","name":"La Ruelle Films","url":"https:\/\/laruellefilms.com\/archives\/","logo":{"@type":"ImageObject","inLanguage":"fr-FR","@id":"https:\/\/laruellefilms.com\/archives\/#\/schema\/logo\/image\/","url":"https:\/\/laruellefilms.com\/archives\/wp-content\/uploads\/Logo_LA_RUELLE_SEUL_NOIRFilm-1.png","contentUrl":"https:\/\/laruellefilms.com\/archives\/wp-content\/uploads\/Logo_LA_RUELLE_SEUL_NOIRFilm-1.png","width":6480,"height":2772,"caption":"La Ruelle Films"},"image":{"@id":"https:\/\/laruellefilms.com\/archives\/#\/schema\/logo\/image\/"},"sameAs":["https:\/\/www.facebook.com\/laruellefilms","https:\/\/www.youtube.com\/user\/productiondelaruelle"]}]}},"_links":{"self":[{"href":"https:\/\/laruellefilms.com\/archives\/wp-json\/wp\/v2\/product\/4653","targetHints":{"allow":["GET"]}}],"collection":[{"href":"https:\/\/laruellefilms.com\/archives\/wp-json\/wp\/v2\/product"}],"about":[{"href":"https:\/\/laruellefilms.com\/archives\/wp-json\/wp\/v2\/types\/product"}],"version-history":[{"count":3,"href":"https:\/\/laruellefilms.com\/archives\/wp-json\/wp\/v2\/product\/4653\/revisions"}],"predecessor-version":[{"id":10262,"href":"https:\/\/laruellefilms.com\/archives\/wp-json\/wp\/v2\/product\/4653\/revisions\/10262"}],"wp:featuredmedia":[{"embeddable":true,"href":"https:\/\/laruellefilms.com\/archives\/wp-json\/wp\/v2\/media\/6494"}],"wp:attachment":[{"href":"https:\/\/laruellefilms.com\/archives\/wp-json\/wp\/v2\/media?parent=4653"}],"wp:term":[{"taxonomy":"product_brand","embeddable":true,"href":"https:\/\/laruellefilms.com\/archives\/wp-json\/wp\/v2\/product_brand?post=4653"},{"taxonomy":"product_cat","embeddable":true,"href":"https:\/\/laruellefilms.com\/archives\/wp-json\/wp\/v2\/product_cat?post=4653"},{"taxonomy":"product_tag","embeddable":true,"href":"https:\/\/laruellefilms.com\/archives\/wp-json\/wp\/v2\/product_tag?post=4653"}],"curies":[{"name":"wp","href":"https:\/\/api.w.org\/{rel}","templated":true}]}}