{"id":4666,"date":"2020-04-01T12:37:03","date_gmt":"2020-04-01T12:37:03","guid":{"rendered":"https:\/\/productionsdelaruelle.ca\/archives\/?post_type=product&#038;p=4666"},"modified":"2024-04-03T13:19:23","modified_gmt":"2024-04-03T13:19:23","slug":"combo-4-films-la-ruelle","status":"publish","type":"product","link":"https:\/\/laruellefilms.com\/archives\/product\/combo-4-films-la-ruelle\/","title":{"rendered":"Combo 4 films La Ruelle [DVD]"},"content":{"rendered":"","protected":false},"excerpt":{"rendered":"<h6><a href=\"https:\/\/productionsdelaruelle.ca\/archives\/production\/expo-67-mission-impossible\/\" target=\"_blank\" rel=\"noopener noreferrer\"><strong>Expo 67 Mission Impossible<\/strong><\/a><\/h6>\n<h6><a href=\"https:\/\/productionsdelaruelle.ca\/archives\/production\/god-save-justin-trudeau\/\" target=\"_blank\" rel=\"noopener noreferrer\"><strong>God Save Justin Trudeau<\/strong><\/a><\/h6>\n<h6><a href=\"https:\/\/productionsdelaruelle.ca\/archives\/production\/les-etats-desunis-du-canada\/\" target=\"_blank\" rel=\"noopener noreferrer\"><strong>Les \u00c9tats-D\u00e9sunis du Canada<\/strong><\/a><\/h6>\n<h6><a href=\"https:\/\/productionsdelaruelle.ca\/archives\/production\/bombes-a-retardement\/\" target=\"_blank\" rel=\"noopener noreferrer\"><strong>Bombes \u00e0 retardement<\/strong><\/a><\/h6>\n","protected":false},"featured_media":5189,"template":"","meta":[],"product_brand":[],"product_cat":[65],"product_tag":[],"class_list":{"0":"post-4666","1":"product","2":"type-product","3":"status-publish","4":"has-post-thumbnail","6":"product_cat-film_fr","7":"product_shipping_class-paquet-4films-fr","9":"first","10":"instock","11":"taxable","12":"shipping-taxable","13":"purchasable","14":"product-type-simple"},"yoast_head":"<!-- This site is optimized with the Yoast SEO plugin v27.2 - https:\/\/yoast.com\/product\/yoast-seo-wordpress\/ -->\n<title>Achetez le Combo 4 films La Ruelle [DVD] | Nos documentaires sur DVD<\/title>\n<meta name=\"description\" content=\"Quatre films La Ruelle sur DVD: Expo 67 mission impossible, God Save Justin Trudeau, Les \u00c9tats-D\u00e9sunis du Canada et Bombes \u00e0 retardement.\" \/>\n<meta name=\"robots\" content=\"index, follow, max-snippet:-1, max-image-preview:large, max-video-preview:-1\" \/>\n<link rel=\"canonical\" href=\"https:\/\/laruellefilms.com\/archives\/product\/combo-4-films-la-ruelle\/\" \/>\n<meta property=\"og:locale\" content=\"fr_FR\" \/>\n<meta property=\"og:type\" content=\"article\" \/>\n<meta property=\"og:title\" content=\"Achetez le Combo 4 films La Ruelle [DVD] | Nos documentaires sur DVD\" \/>\n<meta property=\"og:description\" content=\"Quatre films La Ruelle sur DVD: Expo 67 mission impossible, God Save Justin Trudeau, Les \u00c9tats-D\u00e9sunis du Canada et Bombes \u00e0 retardement.\" \/>\n<meta property=\"og:url\" content=\"https:\/\/laruellefilms.com\/archives\/product\/combo-4-films-la-ruelle\/\" \/>\n<meta property=\"og:site_name\" content=\"La Ruelle\" \/>\n<meta property=\"article:publisher\" content=\"https:\/\/www.facebook.com\/laruellefilms\" \/>\n<meta property=\"article:modified_time\" content=\"2024-04-03T13:19:23+00:00\" \/>\n<meta property=\"og:image\" content=\"https:\/\/laruellefilms.com\/archives\/wp-content\/uploads\/Bundle_4_DVD.jpg\" \/>\n\t<meta property=\"og:image:width\" content=\"606\" \/>\n\t<meta property=\"og:image:height\" content=\"661\" \/>\n\t<meta property=\"og:image:type\" content=\"image\/jpeg\" \/>\n<meta name=\"twitter:card\" content=\"summary_large_image\" \/>\n<script type=\"application\/ld+json\" class=\"yoast-schema-graph\">{\"@context\":\"https:\/\/schema.org\",\"@graph\":[{\"@type\":\"WebPage\",\"@id\":\"https:\/\/laruellefilms.com\/archives\/product\/combo-4-films-la-ruelle\/\",\"url\":\"https:\/\/laruellefilms.com\/archives\/product\/combo-4-films-la-ruelle\/\",\"name\":\"Achetez le Combo 4 films La Ruelle [DVD] | Nos documentaires sur DVD\",\"isPartOf\":{\"@id\":\"https:\/\/laruellefilms.com\/archives\/#website\"},\"primaryImageOfPage\":{\"@id\":\"https:\/\/laruellefilms.com\/archives\/product\/combo-4-films-la-ruelle\/#primaryimage\"},\"image\":{\"@id\":\"https:\/\/laruellefilms.com\/archives\/product\/combo-4-films-la-ruelle\/#primaryimage\"},\"thumbnailUrl\":\"https:\/\/laruellefilms.com\/archives\/wp-content\/uploads\/Bundle_4_DVD.jpg\",\"datePublished\":\"2020-04-01T12:37:03+00:00\",\"dateModified\":\"2024-04-03T13:19:23+00:00\",\"description\":\"Quatre films La Ruelle sur DVD: Expo 67 mission impossible, God Save Justin Trudeau, Les \u00c9tats-D\u00e9sunis du Canada et Bombes \u00e0 retardement.\",\"breadcrumb\":{\"@id\":\"https:\/\/laruellefilms.com\/archives\/product\/combo-4-films-la-ruelle\/#breadcrumb\"},\"inLanguage\":\"fr-FR\",\"potentialAction\":[{\"@type\":\"ReadAction\",\"target\":[\"https:\/\/laruellefilms.com\/archives\/product\/combo-4-films-la-ruelle\/\"]}]},{\"@type\":\"ImageObject\",\"inLanguage\":\"fr-FR\",\"@id\":\"https:\/\/laruellefilms.com\/archives\/product\/combo-4-films-la-ruelle\/#primaryimage\",\"url\":\"https:\/\/laruellefilms.com\/archives\/wp-content\/uploads\/Bundle_4_DVD.jpg\",\"contentUrl\":\"https:\/\/laruellefilms.com\/archives\/wp-content\/uploads\/Bundle_4_DVD.jpg\",\"width\":606,\"height\":661,\"caption\":\"Quatre films La Ruelle sur DVD: Expo 67 mission impossible, God Save Justin Trudeau, Les \u00c9tats-D\u00e9sunis du Canada et Bombes \u00e0 Retardement.\"},{\"@type\":\"BreadcrumbList\",\"@id\":\"https:\/\/laruellefilms.com\/archives\/product\/combo-4-films-la-ruelle\/#breadcrumb\",\"itemListElement\":[{\"@type\":\"ListItem\",\"position\":1,\"name\":\"Home\",\"item\":\"https:\/\/laruellefilms.com\/archives\/\"},{\"@type\":\"ListItem\",\"position\":2,\"name\":\"Boutique\",\"item\":\"https:\/\/laruellefilms.com\/archives\/boutique\/\"},{\"@type\":\"ListItem\",\"position\":3,\"name\":\"Combo 4 films La Ruelle [DVD]\"}]},{\"@type\":\"WebSite\",\"@id\":\"https:\/\/laruellefilms.com\/archives\/#website\",\"url\":\"https:\/\/laruellefilms.com\/archives\/\",\"name\":\"La Ruelle\",\"description\":\"\",\"publisher\":{\"@id\":\"https:\/\/laruellefilms.com\/archives\/#organization\"},\"potentialAction\":[{\"@type\":\"SearchAction\",\"target\":{\"@type\":\"EntryPoint\",\"urlTemplate\":\"https:\/\/laruellefilms.com\/archives\/?s={search_term_string}\"},\"query-input\":{\"@type\":\"PropertyValueSpecification\",\"valueRequired\":true,\"valueName\":\"search_term_string\"}}],\"inLanguage\":\"fr-FR\"},{\"@type\":\"Organization\",\"@id\":\"https:\/\/laruellefilms.com\/archives\/#organization\",\"name\":\"La Ruelle Films\",\"url\":\"https:\/\/laruellefilms.com\/archives\/\",\"logo\":{\"@type\":\"ImageObject\",\"inLanguage\":\"fr-FR\",\"@id\":\"https:\/\/laruellefilms.com\/archives\/#\/schema\/logo\/image\/\",\"url\":\"https:\/\/laruellefilms.com\/archives\/wp-content\/uploads\/Logo_LA_RUELLE_SEUL_NOIRFilm-1.png\",\"contentUrl\":\"https:\/\/laruellefilms.com\/archives\/wp-content\/uploads\/Logo_LA_RUELLE_SEUL_NOIRFilm-1.png\",\"width\":6480,\"height\":2772,\"caption\":\"La Ruelle Films\"},\"image\":{\"@id\":\"https:\/\/laruellefilms.com\/archives\/#\/schema\/logo\/image\/\"},\"sameAs\":[\"https:\/\/www.facebook.com\/laruellefilms\",\"https:\/\/www.youtube.com\/user\/productiondelaruelle\"]}]}<\/script>\n<!-- \/ Yoast SEO plugin. -->","yoast_head_json":{"title":"Achetez le Combo 4 films La Ruelle [DVD] | Nos documentaires sur DVD","description":"Quatre films La Ruelle sur DVD: Expo 67 mission impossible, God Save Justin Trudeau, Les \u00c9tats-D\u00e9sunis du Canada et Bombes \u00e0 retardement.","robots":{"index":"index","follow":"follow","max-snippet":"max-snippet:-1","max-image-preview":"max-image-preview:large","max-video-preview":"max-video-preview:-1"},"canonical":"https:\/\/laruellefilms.com\/archives\/product\/combo-4-films-la-ruelle\/","og_locale":"fr_FR","og_type":"article","og_title":"Achetez le Combo 4 films La Ruelle [DVD] | Nos documentaires sur DVD","og_description":"Quatre films La Ruelle sur DVD: Expo 67 mission impossible, God Save Justin Trudeau, Les \u00c9tats-D\u00e9sunis du Canada et Bombes \u00e0 retardement.","og_url":"https:\/\/laruellefilms.com\/archives\/product\/combo-4-films-la-ruelle\/","og_site_name":"La Ruelle","article_publisher":"https:\/\/www.facebook.com\/laruellefilms","article_modified_time":"2024-04-03T13:19:23+00:00","og_image":[{"width":606,"height":661,"url":"https:\/\/laruellefilms.com\/archives\/wp-content\/uploads\/Bundle_4_DVD.jpg","type":"image\/jpeg"}],"twitter_card":"summary_large_image","schema":{"@context":"https:\/\/schema.org","@graph":[{"@type":"WebPage","@id":"https:\/\/laruellefilms.com\/archives\/product\/combo-4-films-la-ruelle\/","url":"https:\/\/laruellefilms.com\/archives\/product\/combo-4-films-la-ruelle\/","name":"Achetez le Combo 4 films La Ruelle [DVD] | Nos documentaires sur DVD","isPartOf":{"@id":"https:\/\/laruellefilms.com\/archives\/#website"},"primaryImageOfPage":{"@id":"https:\/\/laruellefilms.com\/archives\/product\/combo-4-films-la-ruelle\/#primaryimage"},"image":{"@id":"https:\/\/laruellefilms.com\/archives\/product\/combo-4-films-la-ruelle\/#primaryimage"},"thumbnailUrl":"https:\/\/laruellefilms.com\/archives\/wp-content\/uploads\/Bundle_4_DVD.jpg","datePublished":"2020-04-01T12:37:03+00:00","dateModified":"2024-04-03T13:19:23+00:00","description":"Quatre films La Ruelle sur DVD: Expo 67 mission impossible, God Save Justin Trudeau, Les \u00c9tats-D\u00e9sunis du Canada et Bombes \u00e0 retardement.","breadcrumb":{"@id":"https:\/\/laruellefilms.com\/archives\/product\/combo-4-films-la-ruelle\/#breadcrumb"},"inLanguage":"fr-FR","potentialAction":[{"@type":"ReadAction","target":["https:\/\/laruellefilms.com\/archives\/product\/combo-4-films-la-ruelle\/"]}]},{"@type":"ImageObject","inLanguage":"fr-FR","@id":"https:\/\/laruellefilms.com\/archives\/product\/combo-4-films-la-ruelle\/#primaryimage","url":"https:\/\/laruellefilms.com\/archives\/wp-content\/uploads\/Bundle_4_DVD.jpg","contentUrl":"https:\/\/laruellefilms.com\/archives\/wp-content\/uploads\/Bundle_4_DVD.jpg","width":606,"height":661,"caption":"Quatre films La Ruelle sur DVD: Expo 67 mission impossible, God Save Justin Trudeau, Les \u00c9tats-D\u00e9sunis du Canada et Bombes \u00e0 Retardement."},{"@type":"BreadcrumbList","@id":"https:\/\/laruellefilms.com\/archives\/product\/combo-4-films-la-ruelle\/#breadcrumb","itemListElement":[{"@type":"ListItem","position":1,"name":"Home","item":"https:\/\/laruellefilms.com\/archives\/"},{"@type":"ListItem","position":2,"name":"Boutique","item":"https:\/\/laruellefilms.com\/archives\/boutique\/"},{"@type":"ListItem","position":3,"name":"Combo 4 films La Ruelle [DVD]"}]},{"@type":"WebSite","@id":"https:\/\/laruellefilms.com\/archives\/#website","url":"https:\/\/laruellefilms.com\/archives\/","name":"La Ruelle","description":"","publisher":{"@id":"https:\/\/laruellefilms.com\/archives\/#organization"},"potentialAction":[{"@type":"SearchAction","target":{"@type":"EntryPoint","urlTemplate":"https:\/\/laruellefilms.com\/archives\/?s={search_term_string}"},"query-input":{"@type":"PropertyValueSpecification","valueRequired":true,"valueName":"search_term_string"}}],"inLanguage":"fr-FR"},{"@type":"Organization","@id":"https:\/\/laruellefilms.com\/archives\/#organization","name":"La Ruelle Films","url":"https:\/\/laruellefilms.com\/archives\/","logo":{"@type":"ImageObject","inLanguage":"fr-FR","@id":"https:\/\/laruellefilms.com\/archives\/#\/schema\/logo\/image\/","url":"https:\/\/laruellefilms.com\/archives\/wp-content\/uploads\/Logo_LA_RUELLE_SEUL_NOIRFilm-1.png","contentUrl":"https:\/\/laruellefilms.com\/archives\/wp-content\/uploads\/Logo_LA_RUELLE_SEUL_NOIRFilm-1.png","width":6480,"height":2772,"caption":"La Ruelle Films"},"image":{"@id":"https:\/\/laruellefilms.com\/archives\/#\/schema\/logo\/image\/"},"sameAs":["https:\/\/www.facebook.com\/laruellefilms","https:\/\/www.youtube.com\/user\/productiondelaruelle"]}]}},"_links":{"self":[{"href":"https:\/\/laruellefilms.com\/archives\/wp-json\/wp\/v2\/product\/4666","targetHints":{"allow":["GET"]}}],"collection":[{"href":"https:\/\/laruellefilms.com\/archives\/wp-json\/wp\/v2\/product"}],"about":[{"href":"https:\/\/laruellefilms.com\/archives\/wp-json\/wp\/v2\/types\/product"}],"version-history":[{"count":4,"href":"https:\/\/laruellefilms.com\/archives\/wp-json\/wp\/v2\/product\/4666\/revisions"}],"predecessor-version":[{"id":9977,"href":"https:\/\/laruellefilms.com\/archives\/wp-json\/wp\/v2\/product\/4666\/revisions\/9977"}],"wp:featuredmedia":[{"embeddable":true,"href":"https:\/\/laruellefilms.com\/archives\/wp-json\/wp\/v2\/media\/5189"}],"wp:attachment":[{"href":"https:\/\/laruellefilms.com\/archives\/wp-json\/wp\/v2\/media?parent=4666"}],"wp:term":[{"taxonomy":"product_brand","embeddable":true,"href":"https:\/\/laruellefilms.com\/archives\/wp-json\/wp\/v2\/product_brand?post=4666"},{"taxonomy":"product_cat","embeddable":true,"href":"https:\/\/laruellefilms.com\/archives\/wp-json\/wp\/v2\/product_cat?post=4666"},{"taxonomy":"product_tag","embeddable":true,"href":"https:\/\/laruellefilms.com\/archives\/wp-json\/wp\/v2\/product_tag?post=4666"}],"curies":[{"name":"wp","href":"https:\/\/api.w.org\/{rel}","templated":true}]}}