{"id":5196,"date":"2020-04-01T12:38:13","date_gmt":"2020-04-01T12:38:13","guid":{"rendered":"https:\/\/productionsdelaruelle.ca\/archives\/?post_type=product&#038;p=5196"},"modified":"2024-04-03T13:19:10","modified_gmt":"2024-04-03T13:19:10","slug":"combo-6-films-la-ruelle-2","status":"publish","type":"product","link":"https:\/\/laruellefilms.com\/archives\/en\/product\/combo-6-films-la-ruelle-2\/","title":{"rendered":"6 x La Ruelle Films Bundle [DVD]"},"content":{"rendered":"","protected":false},"excerpt":{"rendered":"<h6><a href=\"https:\/\/productionsdelaruelle.ca\/archives\/en\/productions\/expo-67-impossible-mission\/\"><strong>Expo 67 Mission Impossible<\/strong><\/a><\/h6>\n<h6><a href=\"https:\/\/productionsdelaruelle.ca\/archives\/en\/productions\/god-save-justin-trudeau\/\"><strong>God Save Justin Trudeau<\/strong><\/a><\/h6>\n<h6><a href=\"https:\/\/productionsdelaruelle.ca\/archives\/en\/productions\/disunited-states-of-canada\/\"><strong>Disunited-States of Canada<\/strong><\/a><\/h6>\n<h6><strong><a href=\"https:\/\/productionsdelaruelle.ca\/archives\/en\/productions\/time-bombs\/\">Time Bombs<\/a><\/strong><\/h6>\n<h6><strong><a href=\"https:\/\/productionsdelaruelle.ca\/archives\/en\/productions\/gentilly-or-not-to-be\/\">Gentilly Or Not To Be<\/a><\/strong><\/h6>\n<h6><strong><a href=\"https:\/\/productionsdelaruelle.ca\/archives\/en\/productions\/singing-to-drown-out-the-sea\/\">Singing to drown out the sea *FRENCH ONLY*<\/a><\/strong><\/h6>\n","protected":false},"featured_media":5190,"template":"","meta":[],"product_brand":[],"product_cat":[127],"product_tag":[293,575,385,388,573,204],"class_list":{"0":"post-5196","1":"product","2":"type-product","3":"status-publish","4":"has-post-thumbnail","6":"product_cat-film_en","7":"product_tag-disunited-states-of-canada","8":"product_tag-expo-67-mission-impossible","9":"product_tag-gentilly-or-not-to-be-en","10":"product_tag-god-save-justin-trudeau-en","11":"product_tag-singing-to-drown-out-the-sea","12":"product_tag-time-bombs-en","13":"product_shipping_class-paquet-6films-en","15":"first","16":"instock","17":"taxable","18":"shipping-taxable","19":"purchasable","20":"product-type-simple"},"yoast_head":"<!-- This site is optimized with the Yoast SEO plugin v27.2 - https:\/\/yoast.com\/product\/yoast-seo-wordpress\/ -->\n<title>Buy the 6 x La Ruelle Films Bundle [DVD] | Our documentaires on DVD<\/title>\n<meta name=\"description\" content=\"Included: Expo 67 Mission Impossible, God Save Justin Trudeau, Disunited States of Canada, Time Bombs, Gentilly Or Not To Be, Singing to Drown Out the Sea\" \/>\n<meta name=\"robots\" content=\"index, follow, max-snippet:-1, max-image-preview:large, max-video-preview:-1\" \/>\n<link rel=\"canonical\" href=\"https:\/\/laruellefilms.com\/archives\/en\/product\/combo-6-films-la-ruelle-2\/\" \/>\n<meta property=\"og:locale\" content=\"fr_FR\" \/>\n<meta property=\"og:type\" content=\"article\" \/>\n<meta property=\"og:title\" content=\"Buy the 6 x La Ruelle Films Bundle [DVD] | Our documentaires on DVD\" \/>\n<meta property=\"og:description\" content=\"Included: Expo 67 Mission Impossible, God Save Justin Trudeau, Disunited States of Canada, Time Bombs, Gentilly Or Not To Be, Singing to Drown Out the Sea\" \/>\n<meta property=\"og:url\" content=\"https:\/\/laruellefilms.com\/archives\/en\/product\/combo-6-films-la-ruelle-2\/\" \/>\n<meta property=\"og:site_name\" content=\"La Ruelle\" \/>\n<meta property=\"article:publisher\" content=\"https:\/\/www.facebook.com\/laruellefilms\" \/>\n<meta property=\"article:modified_time\" content=\"2024-04-03T13:19:10+00:00\" \/>\n<meta property=\"og:image\" content=\"https:\/\/laruellefilms.com\/archives\/wp-content\/uploads\/Bundle_6_DVD.jpg\" \/>\n\t<meta property=\"og:image:width\" content=\"606\" \/>\n\t<meta property=\"og:image:height\" content=\"661\" \/>\n\t<meta property=\"og:image:type\" content=\"image\/jpeg\" \/>\n<meta name=\"twitter:card\" content=\"summary_large_image\" \/>\n<script type=\"application\/ld+json\" class=\"yoast-schema-graph\">{\"@context\":\"https:\/\/schema.org\",\"@graph\":[{\"@type\":\"WebPage\",\"@id\":\"https:\/\/laruellefilms.com\/archives\/en\/product\/combo-6-films-la-ruelle-2\/\",\"url\":\"https:\/\/laruellefilms.com\/archives\/en\/product\/combo-6-films-la-ruelle-2\/\",\"name\":\"Buy the 6 x La Ruelle Films Bundle [DVD] | Our documentaires on DVD\",\"isPartOf\":{\"@id\":\"https:\/\/laruellefilms.com\/archives\/#website\"},\"primaryImageOfPage\":{\"@id\":\"https:\/\/laruellefilms.com\/archives\/en\/product\/combo-6-films-la-ruelle-2\/#primaryimage\"},\"image\":{\"@id\":\"https:\/\/laruellefilms.com\/archives\/en\/product\/combo-6-films-la-ruelle-2\/#primaryimage\"},\"thumbnailUrl\":\"https:\/\/laruellefilms.com\/archives\/wp-content\/uploads\/Bundle_6_DVD.jpg\",\"datePublished\":\"2020-04-01T12:38:13+00:00\",\"dateModified\":\"2024-04-03T13:19:10+00:00\",\"description\":\"Included: Expo 67 Mission Impossible, God Save Justin Trudeau, Disunited States of Canada, Time Bombs, Gentilly Or Not To Be, Singing to Drown Out the Sea\",\"breadcrumb\":{\"@id\":\"https:\/\/laruellefilms.com\/archives\/en\/product\/combo-6-films-la-ruelle-2\/#breadcrumb\"},\"inLanguage\":\"fr-FR\",\"potentialAction\":[{\"@type\":\"ReadAction\",\"target\":[\"https:\/\/laruellefilms.com\/archives\/en\/product\/combo-6-films-la-ruelle-2\/\"]}]},{\"@type\":\"ImageObject\",\"inLanguage\":\"fr-FR\",\"@id\":\"https:\/\/laruellefilms.com\/archives\/en\/product\/combo-6-films-la-ruelle-2\/#primaryimage\",\"url\":\"https:\/\/laruellefilms.com\/archives\/wp-content\/uploads\/Bundle_6_DVD.jpg\",\"contentUrl\":\"https:\/\/laruellefilms.com\/archives\/wp-content\/uploads\/Bundle_6_DVD.jpg\",\"width\":606,\"height\":661,\"caption\":\"Combo 6 Films La Ruelle : Expo 67 mission impossible, God Save Justin Trudeau, Les \u00c9tats-D\u00e9sunis du Canada, Bombes \u00e0 Retardement, Gentilly or not to be, Chanter plus fort que la mer.\"},{\"@type\":\"BreadcrumbList\",\"@id\":\"https:\/\/laruellefilms.com\/archives\/en\/product\/combo-6-films-la-ruelle-2\/#breadcrumb\",\"itemListElement\":[{\"@type\":\"ListItem\",\"position\":1,\"name\":\"Home\",\"item\":\"https:\/\/laruellefilms.com\/archives\/\"},{\"@type\":\"ListItem\",\"position\":2,\"name\":\"Boutique\",\"item\":\"https:\/\/laruellefilms.com\/archives\/boutique\/\"},{\"@type\":\"ListItem\",\"position\":3,\"name\":\"6 x La Ruelle Films Bundle [DVD]\"}]},{\"@type\":\"WebSite\",\"@id\":\"https:\/\/laruellefilms.com\/archives\/#website\",\"url\":\"https:\/\/laruellefilms.com\/archives\/\",\"name\":\"La Ruelle\",\"description\":\"\",\"publisher\":{\"@id\":\"https:\/\/laruellefilms.com\/archives\/#organization\"},\"potentialAction\":[{\"@type\":\"SearchAction\",\"target\":{\"@type\":\"EntryPoint\",\"urlTemplate\":\"https:\/\/laruellefilms.com\/archives\/?s={search_term_string}\"},\"query-input\":{\"@type\":\"PropertyValueSpecification\",\"valueRequired\":true,\"valueName\":\"search_term_string\"}}],\"inLanguage\":\"fr-FR\"},{\"@type\":\"Organization\",\"@id\":\"https:\/\/laruellefilms.com\/archives\/#organization\",\"name\":\"La Ruelle Films\",\"url\":\"https:\/\/laruellefilms.com\/archives\/\",\"logo\":{\"@type\":\"ImageObject\",\"inLanguage\":\"fr-FR\",\"@id\":\"https:\/\/laruellefilms.com\/archives\/#\/schema\/logo\/image\/\",\"url\":\"https:\/\/laruellefilms.com\/archives\/wp-content\/uploads\/Logo_LA_RUELLE_SEUL_NOIRFilm-1.png\",\"contentUrl\":\"https:\/\/laruellefilms.com\/archives\/wp-content\/uploads\/Logo_LA_RUELLE_SEUL_NOIRFilm-1.png\",\"width\":6480,\"height\":2772,\"caption\":\"La Ruelle Films\"},\"image\":{\"@id\":\"https:\/\/laruellefilms.com\/archives\/#\/schema\/logo\/image\/\"},\"sameAs\":[\"https:\/\/www.facebook.com\/laruellefilms\",\"https:\/\/www.youtube.com\/user\/productiondelaruelle\"]}]}<\/script>\n<!-- \/ Yoast SEO plugin. -->","yoast_head_json":{"title":"Buy the 6 x La Ruelle Films Bundle [DVD] | Our documentaires on DVD","description":"Included: Expo 67 Mission Impossible, God Save Justin Trudeau, Disunited States of Canada, Time Bombs, Gentilly Or Not To Be, Singing to Drown Out the Sea","robots":{"index":"index","follow":"follow","max-snippet":"max-snippet:-1","max-image-preview":"max-image-preview:large","max-video-preview":"max-video-preview:-1"},"canonical":"https:\/\/laruellefilms.com\/archives\/en\/product\/combo-6-films-la-ruelle-2\/","og_locale":"fr_FR","og_type":"article","og_title":"Buy the 6 x La Ruelle Films Bundle [DVD] | Our documentaires on DVD","og_description":"Included: Expo 67 Mission Impossible, God Save Justin Trudeau, Disunited States of Canada, Time Bombs, Gentilly Or Not To Be, Singing to Drown Out the Sea","og_url":"https:\/\/laruellefilms.com\/archives\/en\/product\/combo-6-films-la-ruelle-2\/","og_site_name":"La Ruelle","article_publisher":"https:\/\/www.facebook.com\/laruellefilms","article_modified_time":"2024-04-03T13:19:10+00:00","og_image":[{"width":606,"height":661,"url":"https:\/\/laruellefilms.com\/archives\/wp-content\/uploads\/Bundle_6_DVD.jpg","type":"image\/jpeg"}],"twitter_card":"summary_large_image","schema":{"@context":"https:\/\/schema.org","@graph":[{"@type":"WebPage","@id":"https:\/\/laruellefilms.com\/archives\/en\/product\/combo-6-films-la-ruelle-2\/","url":"https:\/\/laruellefilms.com\/archives\/en\/product\/combo-6-films-la-ruelle-2\/","name":"Buy the 6 x La Ruelle Films Bundle [DVD] | Our documentaires on DVD","isPartOf":{"@id":"https:\/\/laruellefilms.com\/archives\/#website"},"primaryImageOfPage":{"@id":"https:\/\/laruellefilms.com\/archives\/en\/product\/combo-6-films-la-ruelle-2\/#primaryimage"},"image":{"@id":"https:\/\/laruellefilms.com\/archives\/en\/product\/combo-6-films-la-ruelle-2\/#primaryimage"},"thumbnailUrl":"https:\/\/laruellefilms.com\/archives\/wp-content\/uploads\/Bundle_6_DVD.jpg","datePublished":"2020-04-01T12:38:13+00:00","dateModified":"2024-04-03T13:19:10+00:00","description":"Included: Expo 67 Mission Impossible, God Save Justin Trudeau, Disunited States of Canada, Time Bombs, Gentilly Or Not To Be, Singing to Drown Out the Sea","breadcrumb":{"@id":"https:\/\/laruellefilms.com\/archives\/en\/product\/combo-6-films-la-ruelle-2\/#breadcrumb"},"inLanguage":"fr-FR","potentialAction":[{"@type":"ReadAction","target":["https:\/\/laruellefilms.com\/archives\/en\/product\/combo-6-films-la-ruelle-2\/"]}]},{"@type":"ImageObject","inLanguage":"fr-FR","@id":"https:\/\/laruellefilms.com\/archives\/en\/product\/combo-6-films-la-ruelle-2\/#primaryimage","url":"https:\/\/laruellefilms.com\/archives\/wp-content\/uploads\/Bundle_6_DVD.jpg","contentUrl":"https:\/\/laruellefilms.com\/archives\/wp-content\/uploads\/Bundle_6_DVD.jpg","width":606,"height":661,"caption":"Combo 6 Films La Ruelle : Expo 67 mission impossible, God Save Justin Trudeau, Les \u00c9tats-D\u00e9sunis du Canada, Bombes \u00e0 Retardement, Gentilly or not to be, Chanter plus fort que la mer."},{"@type":"BreadcrumbList","@id":"https:\/\/laruellefilms.com\/archives\/en\/product\/combo-6-films-la-ruelle-2\/#breadcrumb","itemListElement":[{"@type":"ListItem","position":1,"name":"Home","item":"https:\/\/laruellefilms.com\/archives\/"},{"@type":"ListItem","position":2,"name":"Boutique","item":"https:\/\/laruellefilms.com\/archives\/boutique\/"},{"@type":"ListItem","position":3,"name":"6 x La Ruelle Films Bundle [DVD]"}]},{"@type":"WebSite","@id":"https:\/\/laruellefilms.com\/archives\/#website","url":"https:\/\/laruellefilms.com\/archives\/","name":"La Ruelle","description":"","publisher":{"@id":"https:\/\/laruellefilms.com\/archives\/#organization"},"potentialAction":[{"@type":"SearchAction","target":{"@type":"EntryPoint","urlTemplate":"https:\/\/laruellefilms.com\/archives\/?s={search_term_string}"},"query-input":{"@type":"PropertyValueSpecification","valueRequired":true,"valueName":"search_term_string"}}],"inLanguage":"fr-FR"},{"@type":"Organization","@id":"https:\/\/laruellefilms.com\/archives\/#organization","name":"La Ruelle Films","url":"https:\/\/laruellefilms.com\/archives\/","logo":{"@type":"ImageObject","inLanguage":"fr-FR","@id":"https:\/\/laruellefilms.com\/archives\/#\/schema\/logo\/image\/","url":"https:\/\/laruellefilms.com\/archives\/wp-content\/uploads\/Logo_LA_RUELLE_SEUL_NOIRFilm-1.png","contentUrl":"https:\/\/laruellefilms.com\/archives\/wp-content\/uploads\/Logo_LA_RUELLE_SEUL_NOIRFilm-1.png","width":6480,"height":2772,"caption":"La Ruelle Films"},"image":{"@id":"https:\/\/laruellefilms.com\/archives\/#\/schema\/logo\/image\/"},"sameAs":["https:\/\/www.facebook.com\/laruellefilms","https:\/\/www.youtube.com\/user\/productiondelaruelle"]}]}},"_links":{"self":[{"href":"https:\/\/laruellefilms.com\/archives\/wp-json\/wp\/v2\/product\/5196","targetHints":{"allow":["GET"]}}],"collection":[{"href":"https:\/\/laruellefilms.com\/archives\/wp-json\/wp\/v2\/product"}],"about":[{"href":"https:\/\/laruellefilms.com\/archives\/wp-json\/wp\/v2\/types\/product"}],"version-history":[{"count":6,"href":"https:\/\/laruellefilms.com\/archives\/wp-json\/wp\/v2\/product\/5196\/revisions"}],"predecessor-version":[{"id":9975,"href":"https:\/\/laruellefilms.com\/archives\/wp-json\/wp\/v2\/product\/5196\/revisions\/9975"}],"wp:featuredmedia":[{"embeddable":true,"href":"https:\/\/laruellefilms.com\/archives\/wp-json\/wp\/v2\/media\/5190"}],"wp:attachment":[{"href":"https:\/\/laruellefilms.com\/archives\/wp-json\/wp\/v2\/media?parent=5196"}],"wp:term":[{"taxonomy":"product_brand","embeddable":true,"href":"https:\/\/laruellefilms.com\/archives\/wp-json\/wp\/v2\/product_brand?post=5196"},{"taxonomy":"product_cat","embeddable":true,"href":"https:\/\/laruellefilms.com\/archives\/wp-json\/wp\/v2\/product_cat?post=5196"},{"taxonomy":"product_tag","embeddable":true,"href":"https:\/\/laruellefilms.com\/archives\/wp-json\/wp\/v2\/product_tag?post=5196"}],"curies":[{"name":"wp","href":"https:\/\/api.w.org\/{rel}","templated":true}]}}